{"id":2098,"date":"2020-04-22T05:06:14","date_gmt":"2020-04-22T05:06:14","guid":{"rendered":"https:\/\/birkilsavunma.com\/?page_id=2098"},"modified":"2023-03-08T12:41:45","modified_gmt":"2023-03-08T12:41:45","slug":"kalite-politikamiz","status":"publish","type":"page","link":"https:\/\/birkilsavunma.com\/en\/kalite-politikamiz\/","title":{"rendered":"Quality Policy"},"content":{"rendered":"<div data-elementor-type=\"wp-page\" data-elementor-id=\"2098\" class=\"elementor elementor-2098\" data-elementor-settings=\"[]\">\n\t\t\t\t\t\t<div class=\"elementor-inner\">\n\t\t\t\t\t\t\t<div class=\"elementor-section-wrap\">\n\t\t\t\t\t\t\t<section class=\"elementor-section elementor-top-section elementor-element elementor-element-726c0db elementor-section-stretched elementor-section-boxed elementor-section-height-default elementor-section-height-default\" data-id=\"726c0db\" data-element_type=\"section\" data-settings=\"{&quot;stretch_section&quot;:&quot;section-stretched&quot;,&quot;background_background&quot;:&quot;classic&quot;}\">\n\t\t\t\t\t\t<div class=\"elementor-container elementor-column-gap-default\">\n\t\t\t\t\t\t\t<div class=\"elementor-row\">\n\t\t\t\t\t<div class=\"elementor-column elementor-col-100 elementor-top-column elementor-element elementor-element-bab8458\" data-id=\"bab8458\" data-element_type=\"column\" data-settings=\"{&quot;background_background&quot;:&quot;classic&quot;}\">\n\t\t\t<div class=\"elementor-column-wrap elementor-element-populated\">\n\t\t\t\t\t\t\t<div class=\"elementor-widget-wrap\">\n\t\t\t\t\t\t<div class=\"elementor-element elementor-element-779ed37 elementor-invisible elementor-widget elementor-widget-heading\" data-id=\"779ed37\" data-element_type=\"widget\" data-settings=\"{&quot;_animation&quot;:&quot;fadeInUp&quot;,&quot;_animation_delay&quot;:200}\" data-widget_type=\"heading.default\">\n\t\t\t\t<div class=\"elementor-widget-container\">\n\t\t\t<h1 class=\"elementor-heading-title elementor-size-default\">QUALITY POLICY<\/h1>\t\t<\/div>\n\t\t\t\t<\/div>\n\t\t\t\t<div class=\"elementor-element elementor-element-a37272d elementor-widget__width-initial elementor-absolute elementor-widget elementor-widget-image\" data-id=\"a37272d\" data-element_type=\"widget\" data-settings=\"{&quot;_position&quot;:&quot;absolute&quot;}\" data-widget_type=\"image.default\">\n\t\t\t\t<div class=\"elementor-widget-container\">\n\t\t\t\t\t\t\t\t<div class=\"elementor-image\">\n\t\t\t\t\t\t\t\t\t\t\t\t<img decoding=\"async\" src=\"https:\/\/birkilsavunma.com\/wp-content\/uploads\/2020\/06\/banner-text-border-bg.jpg\" title=\"\" alt=\"\" \/>\t\t\t\t\t\t\t\t\t\t\t\t\t\t<\/div>\n\t\t\t\t\t\t<\/div>\n\t\t\t\t<\/div>\n\t\t\t\t\t\t<\/div>\n\t\t\t\t\t<\/div>\n\t\t<\/div>\n\t\t\t\t\t\t\t\t<\/div>\n\t\t\t\t\t<\/div>\n\t\t<\/section>\n\t\t\t\t<section class=\"elementor-section elementor-top-section elementor-element elementor-element-bf068df elementor-section-boxed elementor-section-height-default elementor-section-height-default\" data-id=\"bf068df\" data-element_type=\"section\" data-settings=\"{&quot;background_background&quot;:&quot;classic&quot;}\">\n\t\t\t\t\t\t<div class=\"elementor-container elementor-column-gap-default\">\n\t\t\t\t\t\t\t<div class=\"elementor-row\">\n\t\t\t\t\t<div class=\"elementor-column elementor-col-100 elementor-top-column elementor-element elementor-element-322931e\" data-id=\"322931e\" data-element_type=\"column\">\n\t\t\t<div class=\"elementor-column-wrap elementor-element-populated\">\n\t\t\t\t\t\t\t<div class=\"elementor-widget-wrap\">\n\t\t\t\t\t\t<section class=\"elementor-section elementor-inner-section elementor-element elementor-element-532bfdb elementor-section-boxed elementor-section-height-default elementor-section-height-default\" data-id=\"532bfdb\" data-element_type=\"section\">\n\t\t\t\t\t\t<div class=\"elementor-container elementor-column-gap-default\">\n\t\t\t\t\t\t\t<div class=\"elementor-row\">\n\t\t\t\t\t<div class=\"elementor-column elementor-col-100 elementor-inner-column elementor-element elementor-element-e3fcb70\" data-id=\"e3fcb70\" data-element_type=\"column\">\n\t\t\t<div class=\"elementor-column-wrap elementor-element-populated\">\n\t\t\t\t\t\t\t<div class=\"elementor-widget-wrap\">\n\t\t\t\t\t\t<div class=\"elementor-element elementor-element-bdb8995 elementor-hidden-desktop elementor-hidden-tablet elementor-widget elementor-widget-heading\" data-id=\"bdb8995\" data-element_type=\"widget\" data-widget_type=\"heading.default\">\n\t\t\t\t<div class=\"elementor-widget-container\">\n\t\t\t<h2 class=\"elementor-heading-title elementor-size-default\">QUALITY POLICY<\/h2>\t\t<\/div>\n\t\t\t\t<\/div>\n\t\t\t\t<div class=\"elementor-element elementor-element-f1059af elementor-invisible elementor-widget elementor-widget-text-editor\" data-id=\"f1059af\" data-element_type=\"widget\" data-settings=\"{&quot;_animation&quot;:&quot;fadeInUp&quot;,&quot;_animation_delay&quot;:600}\" data-widget_type=\"text-editor.default\">\n\t\t\t\t<div class=\"elementor-widget-container\">\n\t\t\t\t\t\t\t\t<div class=\"elementor-text-editor elementor-clearfix\">\n\t\t\t\t<p><strong>Birkil; <\/strong>while conducting its activities and services in Turkey and abroad, it closely monitors the changing and developing technologies in order to maximize customer satisfaction and to respond to all kinds of needs in the sector and reflects them in the best way to its service policy.<\/p><div class=\"wpb_text_column wpb_content_element\"><div class=\"wpb_wrapper\"><p>The fact that each of the personnel we employ in our company has full command of the work done, our sensitivity to the environment enables us to prioritize the concepts of quality and health and formulate our policies accordingly. To this end, the main principle of our company is to raise the level of knowledge and welfare of our employees, to comply with the Quality Management System and legal requirements, to implement, to make it effective and to continuously improve it.<\/p><p>For this purpose, our company follows the technological developments and legal regulations closely with its expert staff in order to meet the increasing and changing customer demands, to increase the service quality and to provide customer satisfaction.<\/p><p>Our activities; Continuous improvement and development of our company constitutes the basic principles of the quality system by giving importance to education is committed to making continuous development.<\/p><\/div><\/div>\t\t\t\t\t<\/div>\n\t\t\t\t\t\t<\/div>\n\t\t\t\t<\/div>\n\t\t\t\t\t\t<\/div>\n\t\t\t\t\t<\/div>\n\t\t<\/div>\n\t\t\t\t\t\t\t\t<\/div>\n\t\t\t\t\t<\/div>\n\t\t<\/section>\n\t\t\t\t\t\t<\/div>\n\t\t\t\t\t<\/div>\n\t\t<\/div>\n\t\t\t\t\t\t\t\t<\/div>\n\t\t\t\t\t<\/div>\n\t\t<\/section>\n\t\t\t\t\t\t<\/div>\n\t\t\t\t\t\t<\/div>\n\t\t\t\t\t<\/div>","protected":false},"excerpt":{"rendered":"<p>kalite politikam\u0131z kalite politikam\u0131z Birkil; Yurt i\u00e7i ve yurt d\u0131\u015f\u0131nda g\u00f6stermi\u015f oldu\u011fu faaliyet ve hizmetlerini y\u00fcr\u00fct\u00fcrken m\u00fc\u015fteri memnuniyetini maksimum d\u00fczeye \u00e7\u0131karmak ve sekt\u00f6r\u00fcndeki her t\u00fcrl\u00fc ihtiyaca cevap verebilmek \u00fczere de\u011fi\u015fen ve geli\u015fen teknolojiyi de yak\u0131ndan izlemekte ve hizmet politikas\u0131na en iyi \u015fekilde yans\u0131tmaktad\u0131r. B\u00fcnyemizde \u00e7al\u0131\u015ft\u0131rd\u0131\u011f\u0131m\u0131z her personelin yap\u0131lan i\u015fe eksiksiz h\u00e2kim olma hususu, \u00e7evreye olan [&hellip;]<\/p>","protected":false},"author":1,"featured_media":0,"parent":0,"menu_order":0,"comment_status":"closed","ping_status":"closed","template":"elementor_header_footer","meta":[],"yoast_head":"<!-- This site is optimized with the Yoast SEO plugin v18.3 - https:\/\/yoast.com\/wordpress\/plugins\/seo\/ -->\n<title>Kalite Politikam\u0131z - Birkil Savunma<\/title>\n<meta name=\"robots\" content=\"index, follow, max-snippet:-1, max-image-preview:large, max-video-preview:-1\" \/>\n<link rel=\"canonical\" href=\"https:\/\/birkilsavunma.com\/en\/kalite-politikamiz\/\" \/>\n<meta property=\"og:locale\" content=\"en_US\" \/>\n<meta property=\"og:type\" content=\"article\" \/>\n<meta property=\"og:title\" content=\"Kalite Politikam\u0131z - Birkil Savunma\" \/>\n<meta property=\"og:description\" content=\"kalite politikam\u0131z kalite politikam\u0131z Birkil; Yurt i\u00e7i ve yurt d\u0131\u015f\u0131nda g\u00f6stermi\u015f oldu\u011fu faaliyet ve hizmetlerini y\u00fcr\u00fct\u00fcrken m\u00fc\u015fteri memnuniyetini maksimum d\u00fczeye \u00e7\u0131karmak ve sekt\u00f6r\u00fcndeki her t\u00fcrl\u00fc ihtiyaca cevap verebilmek \u00fczere de\u011fi\u015fen ve geli\u015fen teknolojiyi de yak\u0131ndan izlemekte ve hizmet politikas\u0131na en iyi \u015fekilde yans\u0131tmaktad\u0131r. B\u00fcnyemizde \u00e7al\u0131\u015ft\u0131rd\u0131\u011f\u0131m\u0131z her personelin yap\u0131lan i\u015fe eksiksiz h\u00e2kim olma hususu, \u00e7evreye olan [&hellip;]\" \/>\n<meta property=\"og:url\" content=\"https:\/\/birkilsavunma.com\/en\/kalite-politikamiz\/\" \/>\n<meta property=\"og:site_name\" content=\"Birkil Savunma\" \/>\n<meta property=\"article:modified_time\" content=\"2023-03-08T12:41:45+00:00\" \/>\n<meta property=\"og:image\" content=\"https:\/\/birkilsavunma.com\/wp-content\/uploads\/2020\/06\/banner-text-border-bg.jpg\" \/>\n<meta name=\"twitter:card\" content=\"summary_large_image\" \/>\n<meta name=\"twitter:label1\" content=\"Est. reading time\" \/>\n\t<meta name=\"twitter:data1\" content=\"2 minutes\" \/>\n<script type=\"application\/ld+json\" class=\"yoast-schema-graph\">{\"@context\":\"https:\/\/schema.org\",\"@graph\":[{\"@type\":\"WebSite\",\"@id\":\"https:\/\/birkilsavunma.com\/tr\/#website\",\"url\":\"https:\/\/birkilsavunma.com\/tr\/\",\"name\":\"Birkil Savunma\",\"description\":\"\u00dcst D\u00fczey Savunma Teknolojileri\",\"potentialAction\":[{\"@type\":\"SearchAction\",\"target\":{\"@type\":\"EntryPoint\",\"urlTemplate\":\"https:\/\/birkilsavunma.com\/tr\/?s={search_term_string}\"},\"query-input\":\"required name=search_term_string\"}],\"inLanguage\":\"en-US\"},{\"@type\":\"ImageObject\",\"@id\":\"https:\/\/birkilsavunma.com\/tr\/kalite-politikamiz\/#primaryimage\",\"inLanguage\":\"en-US\",\"url\":\"https:\/\/birkilsavunma.com\/wp-content\/uploads\/2020\/06\/banner-text-border-bg.jpg\",\"contentUrl\":\"https:\/\/birkilsavunma.com\/wp-content\/uploads\/2020\/06\/banner-text-border-bg.jpg\"},{\"@type\":\"WebPage\",\"@id\":\"https:\/\/birkilsavunma.com\/tr\/kalite-politikamiz\/#webpage\",\"url\":\"https:\/\/birkilsavunma.com\/tr\/kalite-politikamiz\/\",\"name\":\"Kalite Politikam\u0131z - Birkil Savunma\",\"isPartOf\":{\"@id\":\"https:\/\/birkilsavunma.com\/tr\/#website\"},\"primaryImageOfPage\":{\"@id\":\"https:\/\/birkilsavunma.com\/tr\/kalite-politikamiz\/#primaryimage\"},\"datePublished\":\"2020-04-22T05:06:14+00:00\",\"dateModified\":\"2023-03-08T12:41:45+00:00\",\"breadcrumb\":{\"@id\":\"https:\/\/birkilsavunma.com\/tr\/kalite-politikamiz\/#breadcrumb\"},\"inLanguage\":\"en-US\",\"potentialAction\":[{\"@type\":\"ReadAction\",\"target\":[\"https:\/\/birkilsavunma.com\/tr\/kalite-politikamiz\/\"]}]},{\"@type\":\"BreadcrumbList\",\"@id\":\"https:\/\/birkilsavunma.com\/tr\/kalite-politikamiz\/#breadcrumb\",\"itemListElement\":[{\"@type\":\"ListItem\",\"position\":1,\"name\":\"Anasayfa\",\"item\":\"https:\/\/birkilsavunma.com\/tr\/\"},{\"@type\":\"ListItem\",\"position\":2,\"name\":\"Kalite Politikam\u0131z\"}]}]}<\/script>\n<!-- \/ Yoast SEO plugin. -->","yoast_head_json":{"title":"Kalite Politikam\u0131z - Birkil Savunma","robots":{"index":"index","follow":"follow","max-snippet":"max-snippet:-1","max-image-preview":"max-image-preview:large","max-video-preview":"max-video-preview:-1"},"canonical":"https:\/\/birkilsavunma.com\/en\/kalite-politikamiz\/","og_locale":"en_US","og_type":"article","og_title":"Kalite Politikam\u0131z - Birkil Savunma","og_description":"kalite politikam\u0131z kalite politikam\u0131z Birkil; Yurt i\u00e7i ve yurt d\u0131\u015f\u0131nda g\u00f6stermi\u015f oldu\u011fu faaliyet ve hizmetlerini y\u00fcr\u00fct\u00fcrken m\u00fc\u015fteri memnuniyetini maksimum d\u00fczeye \u00e7\u0131karmak ve sekt\u00f6r\u00fcndeki her t\u00fcrl\u00fc ihtiyaca cevap verebilmek \u00fczere de\u011fi\u015fen ve geli\u015fen teknolojiyi de yak\u0131ndan izlemekte ve hizmet politikas\u0131na en iyi \u015fekilde yans\u0131tmaktad\u0131r. B\u00fcnyemizde \u00e7al\u0131\u015ft\u0131rd\u0131\u011f\u0131m\u0131z her personelin yap\u0131lan i\u015fe eksiksiz h\u00e2kim olma hususu, \u00e7evreye olan [&hellip;]","og_url":"https:\/\/birkilsavunma.com\/en\/kalite-politikamiz\/","og_site_name":"Birkil Savunma","article_modified_time":"2023-03-08T12:41:45+00:00","og_image":[{"url":"https:\/\/birkilsavunma.com\/wp-content\/uploads\/2020\/06\/banner-text-border-bg.jpg"}],"twitter_card":"summary_large_image","twitter_misc":{"Est. reading time":"2 minutes"},"schema":{"@context":"https:\/\/schema.org","@graph":[{"@type":"WebSite","@id":"https:\/\/birkilsavunma.com\/tr\/#website","url":"https:\/\/birkilsavunma.com\/tr\/","name":"Birkil Savunma","description":"\u00dcst D\u00fczey Savunma Teknolojileri","potentialAction":[{"@type":"SearchAction","target":{"@type":"EntryPoint","urlTemplate":"https:\/\/birkilsavunma.com\/tr\/?s={search_term_string}"},"query-input":"required name=search_term_string"}],"inLanguage":"en-US"},{"@type":"ImageObject","@id":"https:\/\/birkilsavunma.com\/tr\/kalite-politikamiz\/#primaryimage","inLanguage":"en-US","url":"https:\/\/birkilsavunma.com\/wp-content\/uploads\/2020\/06\/banner-text-border-bg.jpg","contentUrl":"https:\/\/birkilsavunma.com\/wp-content\/uploads\/2020\/06\/banner-text-border-bg.jpg"},{"@type":"WebPage","@id":"https:\/\/birkilsavunma.com\/tr\/kalite-politikamiz\/#webpage","url":"https:\/\/birkilsavunma.com\/tr\/kalite-politikamiz\/","name":"Kalite Politikam\u0131z - Birkil Savunma","isPartOf":{"@id":"https:\/\/birkilsavunma.com\/tr\/#website"},"primaryImageOfPage":{"@id":"https:\/\/birkilsavunma.com\/tr\/kalite-politikamiz\/#primaryimage"},"datePublished":"2020-04-22T05:06:14+00:00","dateModified":"2023-03-08T12:41:45+00:00","breadcrumb":{"@id":"https:\/\/birkilsavunma.com\/tr\/kalite-politikamiz\/#breadcrumb"},"inLanguage":"en-US","potentialAction":[{"@type":"ReadAction","target":["https:\/\/birkilsavunma.com\/tr\/kalite-politikamiz\/"]}]},{"@type":"BreadcrumbList","@id":"https:\/\/birkilsavunma.com\/tr\/kalite-politikamiz\/#breadcrumb","itemListElement":[{"@type":"ListItem","position":1,"name":"Anasayfa","item":"https:\/\/birkilsavunma.com\/tr\/"},{"@type":"ListItem","position":2,"name":"Kalite Politikam\u0131z"}]}]}},"_links":{"self":[{"href":"https:\/\/birkilsavunma.com\/en\/wp-json\/wp\/v2\/pages\/2098"}],"collection":[{"href":"https:\/\/birkilsavunma.com\/en\/wp-json\/wp\/v2\/pages"}],"about":[{"href":"https:\/\/birkilsavunma.com\/en\/wp-json\/wp\/v2\/types\/page"}],"author":[{"embeddable":true,"href":"https:\/\/birkilsavunma.com\/en\/wp-json\/wp\/v2\/users\/1"}],"replies":[{"embeddable":true,"href":"https:\/\/birkilsavunma.com\/en\/wp-json\/wp\/v2\/comments?post=2098"}],"version-history":[{"count":7,"href":"https:\/\/birkilsavunma.com\/en\/wp-json\/wp\/v2\/pages\/2098\/revisions"}],"predecessor-version":[{"id":37407,"href":"https:\/\/birkilsavunma.com\/en\/wp-json\/wp\/v2\/pages\/2098\/revisions\/37407"}],"wp:attachment":[{"href":"https:\/\/birkilsavunma.com\/en\/wp-json\/wp\/v2\/media?parent=2098"}],"curies":[{"name":"wp","href":"https:\/\/api.w.org\/{rel}","templated":true}]}}