{"id":2334,"date":"2020-04-27T09:16:46","date_gmt":"2020-04-27T09:16:46","guid":{"rendered":"https:\/\/birkilsavunma.com\/?page_id=2334"},"modified":"2023-03-08T12:55:53","modified_gmt":"2023-03-08T12:55:53","slug":"hakkimizda","status":"publish","type":"page","link":"https:\/\/birkilsavunma.com\/en\/hakkimizda\/","title":{"rendered":"About Us"},"content":{"rendered":"<div data-elementor-type=\"wp-page\" data-elementor-id=\"2334\" class=\"elementor elementor-2334\" data-elementor-settings=\"[]\">\n\t\t\t\t\t\t<div class=\"elementor-inner\">\n\t\t\t\t\t\t\t<div class=\"elementor-section-wrap\">\n\t\t\t\t\t\t\t<section class=\"elementor-section elementor-top-section elementor-element elementor-element-411fd56 elementor-section-stretched elementor-section-boxed elementor-section-height-default elementor-section-height-default\" data-id=\"411fd56\" data-element_type=\"section\" data-settings=\"{&quot;stretch_section&quot;:&quot;section-stretched&quot;,&quot;background_background&quot;:&quot;classic&quot;}\">\n\t\t\t\t\t\t<div class=\"elementor-container elementor-column-gap-default\">\n\t\t\t\t\t\t\t<div class=\"elementor-row\">\n\t\t\t\t\t<div class=\"elementor-column elementor-col-100 elementor-top-column elementor-element elementor-element-0ef1e47\" data-id=\"0ef1e47\" data-element_type=\"column\" data-settings=\"{&quot;background_background&quot;:&quot;classic&quot;}\">\n\t\t\t<div class=\"elementor-column-wrap elementor-element-populated\">\n\t\t\t\t\t\t\t<div class=\"elementor-widget-wrap\">\n\t\t\t\t\t\t<div class=\"elementor-element elementor-element-053c149 elementor-widget elementor-widget-heading\" data-id=\"053c149\" data-element_type=\"widget\" data-widget_type=\"heading.default\">\n\t\t\t\t<div class=\"elementor-widget-container\">\n\t\t\t<h1 class=\"elementor-heading-title elementor-size-default\">ABOUT US<\/h1>\t\t<\/div>\n\t\t\t\t<\/div>\n\t\t\t\t<div class=\"elementor-element elementor-element-7262401 elementor-widget__width-initial elementor-absolute elementor-widget elementor-widget-image\" data-id=\"7262401\" data-element_type=\"widget\" data-settings=\"{&quot;_position&quot;:&quot;absolute&quot;}\" data-widget_type=\"image.default\">\n\t\t\t\t<div class=\"elementor-widget-container\">\n\t\t\t\t\t\t\t\t<div class=\"elementor-image\">\n\t\t\t\t\t\t\t\t\t\t\t\t<img decoding=\"async\" src=\"https:\/\/birkilsavunma.com\/wp-content\/uploads\/2020\/06\/banner-text-border-bg.jpg\" title=\"\" alt=\"\" \/>\t\t\t\t\t\t\t\t\t\t\t\t\t\t<\/div>\n\t\t\t\t\t\t<\/div>\n\t\t\t\t<\/div>\n\t\t\t\t\t\t<\/div>\n\t\t\t\t\t<\/div>\n\t\t<\/div>\n\t\t\t\t\t\t\t\t<\/div>\n\t\t\t\t\t<\/div>\n\t\t<\/section>\n\t\t\t\t<section class=\"elementor-section elementor-top-section elementor-element elementor-element-abdb5f4 elementor-section-boxed elementor-section-height-default elementor-section-height-default elementor-invisible\" data-id=\"abdb5f4\" data-element_type=\"section\" data-settings=\"{&quot;background_background&quot;:&quot;classic&quot;,&quot;animation&quot;:&quot;slideInUp&quot;,&quot;animation_delay&quot;:200}\">\n\t\t\t\t\t\t<div class=\"elementor-container elementor-column-gap-default\">\n\t\t\t\t\t\t\t<div class=\"elementor-row\">\n\t\t\t\t\t<div class=\"elementor-column elementor-col-100 elementor-top-column elementor-element elementor-element-129b954\" data-id=\"129b954\" data-element_type=\"column\">\n\t\t\t<div class=\"elementor-column-wrap elementor-element-populated\">\n\t\t\t\t\t\t\t<div class=\"elementor-widget-wrap\">\n\t\t\t\t\t\t<section class=\"elementor-section elementor-inner-section elementor-element elementor-element-860e007 elementor-section-boxed elementor-section-height-default elementor-section-height-default\" data-id=\"860e007\" data-element_type=\"section\">\n\t\t\t\t\t\t<div class=\"elementor-container elementor-column-gap-default\">\n\t\t\t\t\t\t\t<div class=\"elementor-row\">\n\t\t\t\t\t<div class=\"elementor-column elementor-col-33 elementor-inner-column elementor-element elementor-element-a258106 elementor-invisible\" data-id=\"a258106\" data-element_type=\"column\" data-settings=\"{&quot;animation&quot;:&quot;fadeInUp&quot;,&quot;animation_delay&quot;:300}\">\n\t\t\t<div class=\"elementor-column-wrap elementor-element-populated\">\n\t\t\t\t\t\t\t<div class=\"elementor-widget-wrap\">\n\t\t\t\t\t\t<div class=\"elementor-element elementor-element-d70a317 elementor-widget elementor-widget-counter\" data-id=\"d70a317\" data-element_type=\"widget\" data-widget_type=\"counter.default\">\n\t\t\t\t<div class=\"elementor-widget-container\">\n\t\t\t\t\t<div class=\"elementor-counter\">\n\t\t\t<div class=\"elementor-counter-number-wrapper\">\n\t\t\t\t<span class=\"elementor-counter-number-prefix\"><\/span>\n\t\t\t\t<span class=\"elementor-counter-number\" data-duration=\"2000\" data-to-value=\"1.2\" data-from-value=\"0\" data-delimiter=\",\">0<\/span>\n\t\t\t\t<span class=\"elementor-counter-number-suffix\">b+<\/span>\n\t\t\t<\/div>\n\t\t\t\t\t\t\t<div class=\"elementor-counter-title\">Completed Works<\/div>\n\t\t\t\t\t<\/div>\n\t\t\t\t<\/div>\n\t\t\t\t<\/div>\n\t\t\t\t<div class=\"elementor-element elementor-element-ea63bfe elementor-widget elementor-widget-image\" data-id=\"ea63bfe\" data-element_type=\"widget\" data-widget_type=\"image.default\">\n\t\t\t\t<div class=\"elementor-widget-container\">\n\t\t\t\t\t\t\t\t<div class=\"elementor-image\">\n\t\t\t\t\t\t\t\t\t\t\t\t<img decoding=\"async\" width=\"40\" height=\"16\" src=\"https:\/\/birkilsavunma.com\/wp-content\/uploads\/2020\/06\/vector-icon.png\" class=\"attachment-full size-full\" alt=\"\" loading=\"lazy\" \/>\t\t\t\t\t\t\t\t\t\t\t\t\t\t<\/div>\n\t\t\t\t\t\t<\/div>\n\t\t\t\t<\/div>\n\t\t\t\t\t\t<\/div>\n\t\t\t\t\t<\/div>\n\t\t<\/div>\n\t\t\t\t<div class=\"elementor-column elementor-col-33 elementor-inner-column elementor-element elementor-element-22c173c elementor-invisible\" data-id=\"22c173c\" data-element_type=\"column\" data-settings=\"{&quot;animation&quot;:&quot;fadeInUp&quot;,&quot;animation_delay&quot;:500}\">\n\t\t\t<div class=\"elementor-column-wrap elementor-element-populated\">\n\t\t\t\t\t\t\t<div class=\"elementor-widget-wrap\">\n\t\t\t\t\t\t<div class=\"elementor-element elementor-element-0d49fae elementor-widget elementor-widget-counter\" data-id=\"0d49fae\" data-element_type=\"widget\" data-widget_type=\"counter.default\">\n\t\t\t\t<div class=\"elementor-widget-container\">\n\t\t\t\t\t<div class=\"elementor-counter\">\n\t\t\t<div class=\"elementor-counter-number-wrapper\">\n\t\t\t\t<span class=\"elementor-counter-number-prefix\"><\/span>\n\t\t\t\t<span class=\"elementor-counter-number\" data-duration=\"2000\" data-to-value=\"2\" data-from-value=\"0\" data-delimiter=\",\">0<\/span>\n\t\t\t\t<span class=\"elementor-counter-number-suffix\">b+<\/span>\n\t\t\t<\/div>\n\t\t\t\t\t\t\t<div class=\"elementor-counter-title\">Satisfied Customer<\/div>\n\t\t\t\t\t<\/div>\n\t\t\t\t<\/div>\n\t\t\t\t<\/div>\n\t\t\t\t<div class=\"elementor-element elementor-element-91ca2f7 elementor-widget elementor-widget-image\" data-id=\"91ca2f7\" data-element_type=\"widget\" data-widget_type=\"image.default\">\n\t\t\t\t<div class=\"elementor-widget-container\">\n\t\t\t\t\t\t\t\t<div class=\"elementor-image\">\n\t\t\t\t\t\t\t\t\t\t\t\t<img decoding=\"async\" width=\"40\" height=\"16\" src=\"https:\/\/birkilsavunma.com\/wp-content\/uploads\/2020\/06\/vector-icon.png\" class=\"attachment-full size-full\" alt=\"\" loading=\"lazy\" \/>\t\t\t\t\t\t\t\t\t\t\t\t\t\t<\/div>\n\t\t\t\t\t\t<\/div>\n\t\t\t\t<\/div>\n\t\t\t\t\t\t<\/div>\n\t\t\t\t\t<\/div>\n\t\t<\/div>\n\t\t\t\t<div class=\"elementor-column elementor-col-33 elementor-inner-column elementor-element elementor-element-9859e68 elementor-invisible\" data-id=\"9859e68\" data-element_type=\"column\" data-settings=\"{&quot;animation&quot;:&quot;fadeInUp&quot;,&quot;animation_delay&quot;:700}\">\n\t\t\t<div class=\"elementor-column-wrap elementor-element-populated\">\n\t\t\t\t\t\t\t<div class=\"elementor-widget-wrap\">\n\t\t\t\t\t\t<div class=\"elementor-element elementor-element-1cf7f03 elementor-widget elementor-widget-counter\" data-id=\"1cf7f03\" data-element_type=\"widget\" data-widget_type=\"counter.default\">\n\t\t\t\t<div class=\"elementor-widget-container\">\n\t\t\t\t\t<div class=\"elementor-counter\">\n\t\t\t<div class=\"elementor-counter-number-wrapper\">\n\t\t\t\t<span class=\"elementor-counter-number-prefix\"><\/span>\n\t\t\t\t<span class=\"elementor-counter-number\" data-duration=\"2000\" data-to-value=\"30\" data-from-value=\"0\" data-delimiter=\",\">0<\/span>\n\t\t\t\t<span class=\"elementor-counter-number-suffix\"><\/span>\n\t\t\t<\/div>\n\t\t\t\t\t\t\t<div class=\"elementor-counter-title\">Solution Partners<\/div>\n\t\t\t\t\t<\/div>\n\t\t\t\t<\/div>\n\t\t\t\t<\/div>\n\t\t\t\t<div class=\"elementor-element elementor-element-9ad1123 elementor-widget elementor-widget-image\" data-id=\"9ad1123\" data-element_type=\"widget\" data-widget_type=\"image.default\">\n\t\t\t\t<div class=\"elementor-widget-container\">\n\t\t\t\t\t\t\t\t<div class=\"elementor-image\">\n\t\t\t\t\t\t\t\t\t\t\t\t<img decoding=\"async\" width=\"40\" height=\"16\" src=\"https:\/\/birkilsavunma.com\/wp-content\/uploads\/2020\/06\/vector-icon.png\" class=\"attachment-full size-full\" alt=\"\" loading=\"lazy\" \/>\t\t\t\t\t\t\t\t\t\t\t\t\t\t<\/div>\n\t\t\t\t\t\t<\/div>\n\t\t\t\t<\/div>\n\t\t\t\t\t\t<\/div>\n\t\t\t\t\t<\/div>\n\t\t<\/div>\n\t\t\t\t\t\t\t\t<\/div>\n\t\t\t\t\t<\/div>\n\t\t<\/section>\n\t\t\t\t\t\t<\/div>\n\t\t\t\t\t<\/div>\n\t\t<\/div>\n\t\t\t\t\t\t\t\t<\/div>\n\t\t\t\t\t<\/div>\n\t\t<\/section>\n\t\t\t\t<section class=\"elementor-section elementor-top-section elementor-element elementor-element-f526820 elementor-section-boxed elementor-section-height-default elementor-section-height-default\" data-id=\"f526820\" data-element_type=\"section\">\n\t\t\t\t\t\t<div class=\"elementor-container elementor-column-gap-default\">\n\t\t\t\t\t\t\t<div class=\"elementor-row\">\n\t\t\t\t\t<div class=\"elementor-column elementor-col-100 elementor-top-column elementor-element elementor-element-be22c41\" data-id=\"be22c41\" data-element_type=\"column\">\n\t\t\t<div class=\"elementor-column-wrap elementor-element-populated\">\n\t\t\t\t\t\t\t<div class=\"elementor-widget-wrap\">\n\t\t\t\t\t\t<section class=\"elementor-section elementor-inner-section elementor-element elementor-element-c88ea30 elementor-section-boxed elementor-section-height-default elementor-section-height-default\" data-id=\"c88ea30\" data-element_type=\"section\">\n\t\t\t\t\t\t<div class=\"elementor-container elementor-column-gap-default\">\n\t\t\t\t\t\t\t<div class=\"elementor-row\">\n\t\t\t\t\t<div class=\"elementor-column elementor-col-25 elementor-inner-column elementor-element elementor-element-f2762f1\" data-id=\"f2762f1\" data-element_type=\"column\">\n\t\t\t<div class=\"elementor-column-wrap\">\n\t\t\t\t\t\t\t<div class=\"elementor-widget-wrap\">\n\t\t\t\t\t\t\t\t<\/div>\n\t\t\t\t\t<\/div>\n\t\t<\/div>\n\t\t\t\t<div class=\"elementor-column elementor-col-25 elementor-inner-column elementor-element elementor-element-29a2cd6 elementor-invisible\" data-id=\"29a2cd6\" data-element_type=\"column\" data-settings=\"{&quot;animation&quot;:&quot;fadeInLeft&quot;,&quot;animation_delay&quot;:300}\">\n\t\t\t<div class=\"elementor-column-wrap elementor-element-populated\">\n\t\t\t\t\t\t\t<div class=\"elementor-widget-wrap\">\n\t\t\t\t\t\t<div class=\"elementor-element elementor-element-1df6f39 moving-image-left-right elementor-widget elementor-widget-image\" data-id=\"1df6f39\" data-element_type=\"widget\" data-widget_type=\"image.default\">\n\t\t\t\t<div class=\"elementor-widget-container\">\n\t\t\t\t\t\t\t\t<div class=\"elementor-image\">\n\t\t\t\t\t\t\t\t\t\t\t\t<img decoding=\"async\" width=\"85\" height=\"402\" src=\"https:\/\/birkilsavunma.com\/wp-content\/uploads\/2021\/02\/BIZKIMIZ-2.png\" class=\"attachment-full size-full\" alt=\"\" loading=\"lazy\" \/>\t\t\t\t\t\t\t\t\t\t\t\t\t\t<\/div>\n\t\t\t\t\t\t<\/div>\n\t\t\t\t<\/div>\n\t\t\t\t\t\t<\/div>\n\t\t\t\t\t<\/div>\n\t\t<\/div>\n\t\t\t\t<div class=\"elementor-column elementor-col-25 elementor-inner-column elementor-element elementor-element-f8d137c\" data-id=\"f8d137c\" data-element_type=\"column\">\n\t\t\t<div class=\"elementor-column-wrap elementor-element-populated\">\n\t\t\t\t\t\t\t<div class=\"elementor-widget-wrap\">\n\t\t\t\t\t\t<div class=\"elementor-element elementor-element-e4955c3 elementor-invisible elementor-widget elementor-widget-heading\" data-id=\"e4955c3\" data-element_type=\"widget\" data-settings=\"{&quot;_animation&quot;:&quot;fadeInUp&quot;,&quot;_animation_delay&quot;:200}\" data-widget_type=\"heading.default\">\n\t\t\t\t<div class=\"elementor-widget-container\">\n\t\t\t<h2 class=\"elementor-heading-title elementor-size-default\">WHO IS BIRKIL?<\/h2>\t\t<\/div>\n\t\t\t\t<\/div>\n\t\t\t\t<div class=\"elementor-element elementor-element-9697e91 elementor-invisible elementor-widget elementor-widget-text-editor\" data-id=\"9697e91\" data-element_type=\"widget\" data-settings=\"{&quot;_animation&quot;:&quot;fadeInUp&quot;,&quot;_animation_delay&quot;:400}\" data-widget_type=\"text-editor.default\">\n\t\t\t\t<div class=\"elementor-widget-container\">\n\t\t\t\t\t\t\t\t<div class=\"elementor-text-editor elementor-clearfix\">\n\t\t\t\t<p>Birkil was founded in 2021 in Ankara with 20 years of experience of production, solution and service concept that constantly keeps the quality at the highest level in the Technology, Defense and Energy sectors.<\/p><p>Birkil is a team that produces end to end innovative solutions and aims to provide permanent customer satisfaction-oriented service and expands its product range with its experienced team. Having completed all the certificates of the manufacturers, Birkil has been improving itself day by day. Keeping the satisfaction of its customers who have always been in the forefront with its works above all else, Birkil has always aimed to present their needs in the most reliable way with the most suitable conditions and the most up-to-date technology by following the latest technologies. Serving with the most expert employees in every solution it offers, Birkil has adopted the principle of maintaining the business partnership with the leading companies of the world information technologies in the most effective manner.<\/p><p>Although we know that the challenges and responsibilities of this job are far greater than those of other businesses, we do not hesitate to put this burden on us, on the contrary. We want to provide our customers with the most accurate consultancy and service in the fields of information, defense and energy as our main duty and we want to continue our journey by following the developing technologies closely. We will work with our last power to develop Birkil within a short time in Turkey and within the long term on the international platform.<\/p>\t\t\t\t\t<\/div>\n\t\t\t\t\t\t<\/div>\n\t\t\t\t<\/div>\n\t\t\t\t\t\t<\/div>\n\t\t\t\t\t<\/div>\n\t\t<\/div>\n\t\t\t\t<div class=\"elementor-column elementor-col-25 elementor-inner-column elementor-element elementor-element-6254cce\" data-id=\"6254cce\" data-element_type=\"column\">\n\t\t\t<div class=\"elementor-column-wrap\">\n\t\t\t\t\t\t\t<div class=\"elementor-widget-wrap\">\n\t\t\t\t\t\t\t\t<\/div>\n\t\t\t\t\t<\/div>\n\t\t<\/div>\n\t\t\t\t\t\t\t\t<\/div>\n\t\t\t\t\t<\/div>\n\t\t<\/section>\n\t\t\t\t<section class=\"elementor-section elementor-inner-section elementor-element elementor-element-7c7a3d1 elementor-section-boxed elementor-section-height-default elementor-section-height-default elementor-invisible\" data-id=\"7c7a3d1\" data-element_type=\"section\" data-settings=\"{&quot;animation&quot;:&quot;fadeInUp&quot;,&quot;animation_delay&quot;:200}\">\n\t\t\t\t\t\t<div class=\"elementor-container elementor-column-gap-default\">\n\t\t\t\t\t\t\t<div class=\"elementor-row\">\n\t\t\t\t\t<div class=\"elementor-column elementor-col-33 elementor-inner-column elementor-element elementor-element-72172a8 elementor-invisible\" data-id=\"72172a8\" data-element_type=\"column\" data-settings=\"{&quot;animation&quot;:&quot;fadeInLeft&quot;,&quot;animation_delay&quot;:300}\">\n\t\t\t<div class=\"elementor-column-wrap elementor-element-populated\">\n\t\t\t\t\t\t\t<div class=\"elementor-widget-wrap\">\n\t\t\t\t\t\t<div class=\"elementor-element elementor-element-725502f elementor-widget__width-initial elementor-absolute particle-moving-2 elementor-widget elementor-widget-image\" data-id=\"725502f\" data-element_type=\"widget\" data-settings=\"{&quot;_position&quot;:&quot;absolute&quot;}\" data-widget_type=\"image.default\">\n\t\t\t\t<div class=\"elementor-widget-container\">\n\t\t\t\t\t\t\t\t<div class=\"elementor-image\">\n\t\t\t\t\t\t\t\t\t\t\t\t<img decoding=\"async\" width=\"102\" height=\"203\" src=\"https:\/\/birkilsavunma.com\/wp-content\/uploads\/2020\/06\/about-dot-vector-bg-2.png\" class=\"attachment-full size-full\" alt=\"\" loading=\"lazy\" \/>\t\t\t\t\t\t\t\t\t\t\t\t\t\t<\/div>\n\t\t\t\t\t\t<\/div>\n\t\t\t\t<\/div>\n\t\t\t\t\t\t<\/div>\n\t\t\t\t\t<\/div>\n\t\t<\/div>\n\t\t\t\t<div class=\"elementor-column elementor-col-33 elementor-inner-column elementor-element elementor-element-d17ed1a\" data-id=\"d17ed1a\" data-element_type=\"column\">\n\t\t\t<div class=\"elementor-column-wrap elementor-element-populated\">\n\t\t\t\t\t\t\t<div class=\"elementor-widget-wrap\">\n\t\t\t\t\t\t<div class=\"elementor-element elementor-element-63320d8 elementor-widget elementor-widget-image\" data-id=\"63320d8\" data-element_type=\"widget\" data-widget_type=\"image.default\">\n\t\t\t\t<div class=\"elementor-widget-container\">\n\t\t\t\t\t\t\t\t<div class=\"elementor-image\">\n\t\t\t\t\t\t\t\t\t\t\t\t<img decoding=\"async\" width=\"1600\" height=\"897\" src=\"https:\/\/birkilsavunma.com\/wp-content\/uploads\/2021\/02\/footer-bg-1.png\" class=\"attachment-full size-full\" alt=\"\" loading=\"lazy\" srcset=\"https:\/\/birkilsavunma.com\/wp-content\/uploads\/2021\/02\/footer-bg-1.png 1600w, https:\/\/birkilsavunma.com\/wp-content\/uploads\/2021\/02\/footer-bg-1-300x168.png 300w, https:\/\/birkilsavunma.com\/wp-content\/uploads\/2021\/02\/footer-bg-1-1024x574.png 1024w, https:\/\/birkilsavunma.com\/wp-content\/uploads\/2021\/02\/footer-bg-1-768x430.png 768w, https:\/\/birkilsavunma.com\/wp-content\/uploads\/2021\/02\/footer-bg-1-1536x861.png 1536w, https:\/\/birkilsavunma.com\/wp-content\/uploads\/2021\/02\/footer-bg-1-2048x1148.png 2048w, https:\/\/birkilsavunma.com\/wp-content\/uploads\/2021\/02\/footer-bg-1-600x336.png 600w\" sizes=\"(max-width: 1600px) 100vw, 1600px\" \/>\t\t\t\t\t\t\t\t\t\t\t\t\t\t<\/div>\n\t\t\t\t\t\t<\/div>\n\t\t\t\t<\/div>\n\t\t\t\t\t\t<\/div>\n\t\t\t\t\t<\/div>\n\t\t<\/div>\n\t\t\t\t<div class=\"elementor-column elementor-col-33 elementor-inner-column elementor-element elementor-element-9a116d9\" data-id=\"9a116d9\" data-element_type=\"column\">\n\t\t\t<div class=\"elementor-column-wrap\">\n\t\t\t\t\t\t\t<div class=\"elementor-widget-wrap\">\n\t\t\t\t\t\t\t\t<\/div>\n\t\t\t\t\t<\/div>\n\t\t<\/div>\n\t\t\t\t\t\t\t\t<\/div>\n\t\t\t\t\t<\/div>\n\t\t<\/section>\n\t\t\t\t\t\t<\/div>\n\t\t\t\t\t<\/div>\n\t\t<\/div>\n\t\t\t\t\t\t\t\t<\/div>\n\t\t\t\t\t<\/div>\n\t\t<\/section>\n\t\t\t\t\t\t<\/div>\n\t\t\t\t\t\t<\/div>\n\t\t\t\t\t<\/div>","protected":false},"excerpt":{"rendered":"<p>HAKKIMIZDA 0 b+ Tamamlanan \u0130\u015f 0 b+ Memnun M\u00fc\u015fteri 0 \u00c7\u00f6z\u00fcm Orta\u011f\u0131 Birkil kimdir? Birkil, kurucu orta\u011f\u0131n\u0131n bili\u015fim sekt\u00f6r\u00fcnde ge\u00e7irdi\u011fi 20 seneyi a\u015fk\u0131n tecr\u00fcbelerinin \u0131\u015f\u0131\u011f\u0131nda Teknoloji, Savunma ve Enerji sekt\u00f6rlerinde kaliteyi s\u00fcrekli olarak \u00fcst seviyede tutan bir \u00fcretim, \u00e7\u00f6z\u00fcm ve hizmet anlay\u0131\u015f\u0131 ile 2021 y\u0131l\u0131nda Ankara\u2019da kurulmu\u015ftur. Birkil u\u00e7tan uca yenilik\u00e7i \u00e7\u00f6z\u00fcmler \u00fcreten, kal\u0131c\u0131 m\u00fc\u015fteri [&hellip;]<\/p>","protected":false},"author":1,"featured_media":0,"parent":0,"menu_order":0,"comment_status":"closed","ping_status":"closed","template":"elementor_header_footer","meta":[],"yoast_head":"<!-- This site is optimized with the Yoast SEO plugin v18.3 - https:\/\/yoast.com\/wordpress\/plugins\/seo\/ -->\n<title>Hakk\u0131m\u0131zda - Birkil Savunma<\/title>\n<meta name=\"robots\" content=\"index, follow, max-snippet:-1, max-image-preview:large, max-video-preview:-1\" \/>\n<link rel=\"canonical\" href=\"https:\/\/birkilsavunma.com\/en\/hakkimizda\/\" \/>\n<meta property=\"og:locale\" content=\"en_US\" \/>\n<meta property=\"og:type\" content=\"article\" \/>\n<meta property=\"og:title\" content=\"Hakk\u0131m\u0131zda - Birkil Savunma\" \/>\n<meta property=\"og:description\" content=\"HAKKIMIZDA 0 b+ Tamamlanan \u0130\u015f 0 b+ Memnun M\u00fc\u015fteri 0 \u00c7\u00f6z\u00fcm Orta\u011f\u0131 Birkil kimdir? Birkil, kurucu orta\u011f\u0131n\u0131n bili\u015fim sekt\u00f6r\u00fcnde ge\u00e7irdi\u011fi 20 seneyi a\u015fk\u0131n tecr\u00fcbelerinin \u0131\u015f\u0131\u011f\u0131nda Teknoloji, Savunma ve Enerji sekt\u00f6rlerinde kaliteyi s\u00fcrekli olarak \u00fcst seviyede tutan bir \u00fcretim, \u00e7\u00f6z\u00fcm ve hizmet anlay\u0131\u015f\u0131 ile 2021 y\u0131l\u0131nda Ankara\u2019da kurulmu\u015ftur. Birkil u\u00e7tan uca yenilik\u00e7i \u00e7\u00f6z\u00fcmler \u00fcreten, kal\u0131c\u0131 m\u00fc\u015fteri [&hellip;]\" \/>\n<meta property=\"og:url\" content=\"https:\/\/birkilsavunma.com\/en\/hakkimizda\/\" \/>\n<meta property=\"og:site_name\" content=\"Birkil Savunma\" \/>\n<meta property=\"article:modified_time\" content=\"2023-03-08T12:55:53+00:00\" \/>\n<meta property=\"og:image\" content=\"https:\/\/birkilsavunma.com\/wp-content\/uploads\/2020\/06\/banner-text-border-bg.jpg\" \/>\n<meta name=\"twitter:card\" content=\"summary_large_image\" \/>\n<meta name=\"twitter:label1\" content=\"Est. reading time\" \/>\n\t<meta name=\"twitter:data1\" content=\"3 minutes\" \/>\n<script type=\"application\/ld+json\" class=\"yoast-schema-graph\">{\"@context\":\"https:\/\/schema.org\",\"@graph\":[{\"@type\":\"WebSite\",\"@id\":\"https:\/\/birkilsavunma.com\/tr\/#website\",\"url\":\"https:\/\/birkilsavunma.com\/tr\/\",\"name\":\"Birkil Savunma\",\"description\":\"\u00dcst D\u00fczey Savunma Teknolojileri\",\"potentialAction\":[{\"@type\":\"SearchAction\",\"target\":{\"@type\":\"EntryPoint\",\"urlTemplate\":\"https:\/\/birkilsavunma.com\/tr\/?s={search_term_string}\"},\"query-input\":\"required name=search_term_string\"}],\"inLanguage\":\"en-US\"},{\"@type\":\"ImageObject\",\"@id\":\"https:\/\/birkilsavunma.com\/en\/hakkimizda\/#primaryimage\",\"inLanguage\":\"en-US\",\"url\":\"https:\/\/birkilsavunma.com\/wp-content\/uploads\/2020\/06\/banner-text-border-bg.jpg\",\"contentUrl\":\"https:\/\/birkilsavunma.com\/wp-content\/uploads\/2020\/06\/banner-text-border-bg.jpg\"},{\"@type\":\"WebPage\",\"@id\":\"https:\/\/birkilsavunma.com\/en\/hakkimizda\/#webpage\",\"url\":\"https:\/\/birkilsavunma.com\/en\/hakkimizda\/\",\"name\":\"Hakk\u0131m\u0131zda - Birkil Savunma\",\"isPartOf\":{\"@id\":\"https:\/\/birkilsavunma.com\/tr\/#website\"},\"primaryImageOfPage\":{\"@id\":\"https:\/\/birkilsavunma.com\/en\/hakkimizda\/#primaryimage\"},\"datePublished\":\"2020-04-27T09:16:46+00:00\",\"dateModified\":\"2023-03-08T12:55:53+00:00\",\"breadcrumb\":{\"@id\":\"https:\/\/birkilsavunma.com\/en\/hakkimizda\/#breadcrumb\"},\"inLanguage\":\"en-US\",\"potentialAction\":[{\"@type\":\"ReadAction\",\"target\":[\"https:\/\/birkilsavunma.com\/en\/hakkimizda\/\"]}]},{\"@type\":\"BreadcrumbList\",\"@id\":\"https:\/\/birkilsavunma.com\/en\/hakkimizda\/#breadcrumb\",\"itemListElement\":[{\"@type\":\"ListItem\",\"position\":1,\"name\":\"Anasayfa\",\"item\":\"https:\/\/birkilsavunma.com\/tr\/\"},{\"@type\":\"ListItem\",\"position\":2,\"name\":\"Hakk\u0131m\u0131zda\"}]}]}<\/script>\n<!-- \/ Yoast SEO plugin. -->","yoast_head_json":{"title":"Hakk\u0131m\u0131zda - Birkil Savunma","robots":{"index":"index","follow":"follow","max-snippet":"max-snippet:-1","max-image-preview":"max-image-preview:large","max-video-preview":"max-video-preview:-1"},"canonical":"https:\/\/birkilsavunma.com\/en\/hakkimizda\/","og_locale":"en_US","og_type":"article","og_title":"Hakk\u0131m\u0131zda - Birkil Savunma","og_description":"HAKKIMIZDA 0 b+ Tamamlanan \u0130\u015f 0 b+ Memnun M\u00fc\u015fteri 0 \u00c7\u00f6z\u00fcm Orta\u011f\u0131 Birkil kimdir? Birkil, kurucu orta\u011f\u0131n\u0131n bili\u015fim sekt\u00f6r\u00fcnde ge\u00e7irdi\u011fi 20 seneyi a\u015fk\u0131n tecr\u00fcbelerinin \u0131\u015f\u0131\u011f\u0131nda Teknoloji, Savunma ve Enerji sekt\u00f6rlerinde kaliteyi s\u00fcrekli olarak \u00fcst seviyede tutan bir \u00fcretim, \u00e7\u00f6z\u00fcm ve hizmet anlay\u0131\u015f\u0131 ile 2021 y\u0131l\u0131nda Ankara\u2019da kurulmu\u015ftur. Birkil u\u00e7tan uca yenilik\u00e7i \u00e7\u00f6z\u00fcmler \u00fcreten, kal\u0131c\u0131 m\u00fc\u015fteri [&hellip;]","og_url":"https:\/\/birkilsavunma.com\/en\/hakkimizda\/","og_site_name":"Birkil Savunma","article_modified_time":"2023-03-08T12:55:53+00:00","og_image":[{"url":"https:\/\/birkilsavunma.com\/wp-content\/uploads\/2020\/06\/banner-text-border-bg.jpg"}],"twitter_card":"summary_large_image","twitter_misc":{"Est. reading time":"3 minutes"},"schema":{"@context":"https:\/\/schema.org","@graph":[{"@type":"WebSite","@id":"https:\/\/birkilsavunma.com\/tr\/#website","url":"https:\/\/birkilsavunma.com\/tr\/","name":"Birkil Savunma","description":"\u00dcst D\u00fczey Savunma Teknolojileri","potentialAction":[{"@type":"SearchAction","target":{"@type":"EntryPoint","urlTemplate":"https:\/\/birkilsavunma.com\/tr\/?s={search_term_string}"},"query-input":"required name=search_term_string"}],"inLanguage":"en-US"},{"@type":"ImageObject","@id":"https:\/\/birkilsavunma.com\/en\/hakkimizda\/#primaryimage","inLanguage":"en-US","url":"https:\/\/birkilsavunma.com\/wp-content\/uploads\/2020\/06\/banner-text-border-bg.jpg","contentUrl":"https:\/\/birkilsavunma.com\/wp-content\/uploads\/2020\/06\/banner-text-border-bg.jpg"},{"@type":"WebPage","@id":"https:\/\/birkilsavunma.com\/en\/hakkimizda\/#webpage","url":"https:\/\/birkilsavunma.com\/en\/hakkimizda\/","name":"Hakk\u0131m\u0131zda - Birkil Savunma","isPartOf":{"@id":"https:\/\/birkilsavunma.com\/tr\/#website"},"primaryImageOfPage":{"@id":"https:\/\/birkilsavunma.com\/en\/hakkimizda\/#primaryimage"},"datePublished":"2020-04-27T09:16:46+00:00","dateModified":"2023-03-08T12:55:53+00:00","breadcrumb":{"@id":"https:\/\/birkilsavunma.com\/en\/hakkimizda\/#breadcrumb"},"inLanguage":"en-US","potentialAction":[{"@type":"ReadAction","target":["https:\/\/birkilsavunma.com\/en\/hakkimizda\/"]}]},{"@type":"BreadcrumbList","@id":"https:\/\/birkilsavunma.com\/en\/hakkimizda\/#breadcrumb","itemListElement":[{"@type":"ListItem","position":1,"name":"Anasayfa","item":"https:\/\/birkilsavunma.com\/tr\/"},{"@type":"ListItem","position":2,"name":"Hakk\u0131m\u0131zda"}]}]}},"_links":{"self":[{"href":"https:\/\/birkilsavunma.com\/en\/wp-json\/wp\/v2\/pages\/2334"}],"collection":[{"href":"https:\/\/birkilsavunma.com\/en\/wp-json\/wp\/v2\/pages"}],"about":[{"href":"https:\/\/birkilsavunma.com\/en\/wp-json\/wp\/v2\/types\/page"}],"author":[{"embeddable":true,"href":"https:\/\/birkilsavunma.com\/en\/wp-json\/wp\/v2\/users\/1"}],"replies":[{"embeddable":true,"href":"https:\/\/birkilsavunma.com\/en\/wp-json\/wp\/v2\/comments?post=2334"}],"version-history":[{"count":7,"href":"https:\/\/birkilsavunma.com\/en\/wp-json\/wp\/v2\/pages\/2334\/revisions"}],"predecessor-version":[{"id":37416,"href":"https:\/\/birkilsavunma.com\/en\/wp-json\/wp\/v2\/pages\/2334\/revisions\/37416"}],"wp:attachment":[{"href":"https:\/\/birkilsavunma.com\/en\/wp-json\/wp\/v2\/media?parent=2334"}],"curies":[{"name":"wp","href":"https:\/\/api.w.org\/{rel}","templated":true}]}}