{"id":3124,"date":"2020-05-04T12:42:16","date_gmt":"2020-05-04T12:42:16","guid":{"rendered":"https:\/\/birkilsavunma.com\/?page_id=3124"},"modified":"2024-12-20T11:55:19","modified_gmt":"2024-12-20T11:55:19","slug":"iletisim","status":"publish","type":"page","link":"https:\/\/birkilsavunma.com\/en\/iletisim\/","title":{"rendered":"Contact"},"content":{"rendered":"<div data-elementor-type=\"wp-page\" data-elementor-id=\"3124\" class=\"elementor elementor-3124\" data-elementor-settings=\"[]\">\n\t\t\t\t\t\t<div class=\"elementor-inner\">\n\t\t\t\t\t\t\t<div class=\"elementor-section-wrap\">\n\t\t\t\t\t\t\t<section class=\"elementor-section elementor-top-section elementor-element elementor-element-f81f5a9 elementor-section-stretched elementor-section-boxed elementor-section-height-default elementor-section-height-default\" data-id=\"f81f5a9\" data-element_type=\"section\" data-settings=\"{&quot;stretch_section&quot;:&quot;section-stretched&quot;,&quot;background_background&quot;:&quot;classic&quot;}\">\n\t\t\t\t\t\t<div class=\"elementor-container elementor-column-gap-default\">\n\t\t\t\t\t\t\t<div class=\"elementor-row\">\n\t\t\t\t\t<div class=\"elementor-column elementor-col-100 elementor-top-column elementor-element elementor-element-2a66712\" data-id=\"2a66712\" data-element_type=\"column\" data-settings=\"{&quot;background_background&quot;:&quot;classic&quot;}\">\n\t\t\t<div class=\"elementor-column-wrap elementor-element-populated\">\n\t\t\t\t\t\t\t<div class=\"elementor-widget-wrap\">\n\t\t\t\t\t\t<div class=\"elementor-element elementor-element-062a5fa elementor-invisible elementor-widget elementor-widget-heading\" data-id=\"062a5fa\" data-element_type=\"widget\" data-settings=\"{&quot;_animation&quot;:&quot;fadeInUp&quot;,&quot;_animation_delay&quot;:200}\" data-widget_type=\"heading.default\">\n\t\t\t\t<div class=\"elementor-widget-container\">\n\t\t\t<h1 class=\"elementor-heading-title elementor-size-default\">CONTACT<\/h1>\t\t<\/div>\n\t\t\t\t<\/div>\n\t\t\t\t<div class=\"elementor-element elementor-element-b0dd4d3 elementor-widget__width-initial elementor-absolute elementor-widget elementor-widget-image\" data-id=\"b0dd4d3\" data-element_type=\"widget\" data-settings=\"{&quot;_position&quot;:&quot;absolute&quot;}\" data-widget_type=\"image.default\">\n\t\t\t\t<div class=\"elementor-widget-container\">\n\t\t\t\t\t\t\t\t<div class=\"elementor-image\">\n\t\t\t\t\t\t\t\t\t\t\t\t<img decoding=\"async\" src=\"https:\/\/birkilsavunma.com\/wp-content\/uploads\/2020\/06\/banner-text-border-bg.jpg\" title=\"\" alt=\"\" \/>\t\t\t\t\t\t\t\t\t\t\t\t\t\t<\/div>\n\t\t\t\t\t\t<\/div>\n\t\t\t\t<\/div>\n\t\t\t\t\t\t<\/div>\n\t\t\t\t\t<\/div>\n\t\t<\/div>\n\t\t\t\t\t\t\t\t<\/div>\n\t\t\t\t\t<\/div>\n\t\t<\/section>\n\t\t\t\t<section class=\"elementor-section elementor-top-section elementor-element elementor-element-88a40ee elementor-section-boxed elementor-section-height-default elementor-section-height-default\" data-id=\"88a40ee\" data-element_type=\"section\" data-settings=\"{&quot;background_background&quot;:&quot;classic&quot;}\">\n\t\t\t\t\t\t<div class=\"elementor-container elementor-column-gap-default\">\n\t\t\t\t\t\t\t<div class=\"elementor-row\">\n\t\t\t\t\t<div class=\"elementor-column elementor-col-100 elementor-top-column elementor-element elementor-element-124ca41 elementor-invisible\" data-id=\"124ca41\" data-element_type=\"column\" data-settings=\"{&quot;animation&quot;:&quot;fadeInUp&quot;,&quot;animation_delay&quot;:300}\">\n\t\t\t<div class=\"elementor-column-wrap elementor-element-populated\">\n\t\t\t\t\t\t\t<div class=\"elementor-widget-wrap\">\n\t\t\t\t\t\t<section class=\"elementor-section elementor-inner-section elementor-element elementor-element-aa83504 elementor-section-boxed elementor-section-height-default elementor-section-height-default\" data-id=\"aa83504\" data-element_type=\"section\">\n\t\t\t\t\t\t<div class=\"elementor-container elementor-column-gap-default\">\n\t\t\t\t\t\t\t<div class=\"elementor-row\">\n\t\t\t\t\t<div class=\"elementor-column elementor-col-100 elementor-inner-column elementor-element elementor-element-9989ca4\" data-id=\"9989ca4\" data-element_type=\"column\">\n\t\t\t<div class=\"elementor-column-wrap elementor-element-populated\">\n\t\t\t\t\t\t\t<div class=\"elementor-widget-wrap\">\n\t\t\t\t\t\t<div class=\"elementor-element elementor-element-434620e elementor-widget elementor-widget-heading\" data-id=\"434620e\" data-element_type=\"widget\" data-widget_type=\"heading.default\">\n\t\t\t\t<div class=\"elementor-widget-container\">\n\t\t\t<h5 class=\"elementor-heading-title elementor-size-default\">CONTACT CHANNELS<\/h5>\t\t<\/div>\n\t\t\t\t<\/div>\n\t\t\t\t\t\t<\/div>\n\t\t\t\t\t<\/div>\n\t\t<\/div>\n\t\t\t\t\t\t\t\t<\/div>\n\t\t\t\t\t<\/div>\n\t\t<\/section>\n\t\t\t\t<section class=\"elementor-section elementor-inner-section elementor-element elementor-element-1389f79 elementor-section-boxed elementor-section-height-default elementor-section-height-default\" data-id=\"1389f79\" data-element_type=\"section\">\n\t\t\t\t\t\t<div class=\"elementor-container elementor-column-gap-default\">\n\t\t\t\t\t\t\t<div class=\"elementor-row\">\n\t\t\t\t\t<div class=\"elementor-column elementor-col-100 elementor-inner-column elementor-element elementor-element-008a16a\" data-id=\"008a16a\" data-element_type=\"column\">\n\t\t\t<div class=\"elementor-column-wrap elementor-element-populated\">\n\t\t\t\t\t\t\t<div class=\"elementor-widget-wrap\">\n\t\t\t\t\t\t<div class=\"elementor-element elementor-element-a1da1f6 elementor-widget elementor-widget-heading\" data-id=\"a1da1f6\" data-element_type=\"widget\" data-widget_type=\"heading.default\">\n\t\t\t\t<div class=\"elementor-widget-container\">\n\t\t\t<p class=\"elementor-heading-title elementor-size-default\"><b> Head Office: <\/b> K\u0131z\u0131l\u0131rmak Mah. Ufuk \u00dcniversitesi Caddesi Next Level Loft No:4 Kat :15 D:44 PK: 06520 \u00c7ankaya \/ Ankara <br> <br>\n<b> Branch R&amp;D Office:  <\/b> Gazi \u00dcniversitesi, G\u00f6lba\u015f\u0131 Yerle\u015fkesi, Bah\u00e7elievler Mah. 323\/1 Cad. - C Blok No: 10\/50-C\/112 G\u00f6lba\u015f\u0131 \/ Ankara\n<\/p>\t\t<\/div>\n\t\t\t\t<\/div>\n\t\t\t\t\t\t<\/div>\n\t\t\t\t\t<\/div>\n\t\t<\/div>\n\t\t\t\t\t\t\t\t<\/div>\n\t\t\t\t\t<\/div>\n\t\t<\/section>\n\t\t\t\t<section class=\"elementor-section elementor-inner-section elementor-element elementor-element-fc39621 elementor-section-boxed elementor-section-height-default elementor-section-height-default\" data-id=\"fc39621\" data-element_type=\"section\">\n\t\t\t\t\t\t<div class=\"elementor-container elementor-column-gap-default\">\n\t\t\t\t\t\t\t<div class=\"elementor-row\">\n\t\t\t\t\t<div class=\"elementor-column elementor-col-100 elementor-inner-column elementor-element elementor-element-4baac05\" data-id=\"4baac05\" data-element_type=\"column\">\n\t\t\t<div class=\"elementor-column-wrap elementor-element-populated\">\n\t\t\t\t\t\t\t<div class=\"elementor-widget-wrap\">\n\t\t\t\t\t\t<div class=\"elementor-element elementor-element-16ca594 elementor-widget elementor-widget-heading\" data-id=\"16ca594\" data-element_type=\"widget\" data-widget_type=\"heading.default\">\n\t\t\t\t<div class=\"elementor-widget-container\">\n\t\t\t<p class=\"elementor-heading-title elementor-size-default\"><b>Email:  <\/b> <span style=\"color: rgb(81, 81, 81); text-align: left;\">info@birkil.com<\/span><span style=\"color: rgb(81, 81, 81); text-align: left;\"><\/span><\/p>\t\t<\/div>\n\t\t\t\t<\/div>\n\t\t\t\t\t\t<\/div>\n\t\t\t\t\t<\/div>\n\t\t<\/div>\n\t\t\t\t\t\t\t\t<\/div>\n\t\t\t\t\t<\/div>\n\t\t<\/section>\n\t\t\t\t<section class=\"elementor-section elementor-inner-section elementor-element elementor-element-25f915c elementor-section-boxed elementor-section-height-default elementor-section-height-default\" data-id=\"25f915c\" data-element_type=\"section\">\n\t\t\t\t\t\t<div class=\"elementor-container elementor-column-gap-default\">\n\t\t\t\t\t\t\t<div class=\"elementor-row\">\n\t\t\t\t\t<div class=\"elementor-column elementor-col-100 elementor-inner-column elementor-element elementor-element-b2a3ce9\" data-id=\"b2a3ce9\" data-element_type=\"column\">\n\t\t\t<div class=\"elementor-column-wrap elementor-element-populated\">\n\t\t\t\t\t\t\t<div class=\"elementor-widget-wrap\">\n\t\t\t\t\t\t<div class=\"elementor-element elementor-element-e95e4cf elementor-widget elementor-widget-heading\" data-id=\"e95e4cf\" data-element_type=\"widget\" data-widget_type=\"heading.default\">\n\t\t\t\t<div class=\"elementor-widget-container\">\n\t\t\t<p class=\"elementor-heading-title elementor-size-default\"><b> Telefon: <\/b> +90 312 284 8477<\/p>\t\t<\/div>\n\t\t\t\t<\/div>\n\t\t\t\t\t\t<\/div>\n\t\t\t\t\t<\/div>\n\t\t<\/div>\n\t\t\t\t\t\t\t\t<\/div>\n\t\t\t\t\t<\/div>\n\t\t<\/section>\n\t\t\t\t\t\t<\/div>\n\t\t\t\t\t<\/div>\n\t\t<\/div>\n\t\t\t\t\t\t\t\t<\/div>\n\t\t\t\t\t<\/div>\n\t\t<\/section>\n\t\t\t\t<section class=\"elementor-section elementor-top-section elementor-element elementor-element-764e9b3 elementor-section-boxed elementor-section-height-default elementor-section-height-default\" data-id=\"764e9b3\" data-element_type=\"section\">\n\t\t\t\t\t\t<div class=\"elementor-container elementor-column-gap-default\">\n\t\t\t\t\t\t\t<div class=\"elementor-row\">\n\t\t\t\t\t<div class=\"elementor-column elementor-col-100 elementor-top-column elementor-element elementor-element-ed0de6a\" data-id=\"ed0de6a\" data-element_type=\"column\">\n\t\t\t<div class=\"elementor-column-wrap elementor-element-populated\">\n\t\t\t\t\t\t\t<div class=\"elementor-widget-wrap\">\n\t\t\t\t\t\t<div class=\"elementor-element elementor-element-d7f1ca9 elementor-invisible elementor-widget elementor-widget-google_maps\" data-id=\"d7f1ca9\" data-element_type=\"widget\" data-settings=\"{&quot;_animation&quot;:&quot;fadeIn&quot;,&quot;_animation_delay&quot;:200}\" data-widget_type=\"google_maps.default\">\n\t\t\t\t<div class=\"elementor-widget-container\">\n\t\t\t\t\t<div class=\"elementor-custom-embed\">\n\t\t\t<iframe frameborder=\"0\" scrolling=\"no\" marginheight=\"0\" marginwidth=\"0\"\n\t\t\t\t\tsrc=\"https:\/\/maps.google.com\/maps?q=The%20Paragon%20Tower&#038;t=m&#038;z=13&#038;output=embed&#038;iwloc=near\"\n\t\t\t\t\ttitle=\"The Paragon Tower\"\n\t\t\t\t\taria-label=\"The Paragon Tower\"\n\t\t\t><\/iframe>\n\t\t<\/div>\n\t\t\t\t<\/div>\n\t\t\t\t<\/div>\n\t\t\t\t\t\t<\/div>\n\t\t\t\t\t<\/div>\n\t\t<\/div>\n\t\t\t\t\t\t\t\t<\/div>\n\t\t\t\t\t<\/div>\n\t\t<\/section>\n\t\t\t\t\t\t<\/div>\n\t\t\t\t\t\t<\/div>\n\t\t\t\t\t<\/div>","protected":false},"excerpt":{"rendered":"<p>ileti\u015fim \u0130LET\u0130\u015e\u0130M KANALLARI Merkez Ofis: K\u0131z\u0131l\u0131rmak Mah. Ufuk \u00dcniversitesi Caddesi Next Level Loft No:4 Kat :15 D:44 PK: 06520 \u00c7ankaya \/ Ankara AR-GE Ofis: Gazi \u00dcniversitesi, G\u00f6lba\u015f\u0131 Yerle\u015fkesi, Bah\u00e7elievler Mah. 323\/1 Cad. &#8211; C Blok No: 10\/50-C\/112 G\u00f6lba\u015f\u0131 \/ Ankara Email: info@birkil.com Telefon: +90 312 284 8477<\/p>","protected":false},"author":1,"featured_media":36118,"parent":0,"menu_order":0,"comment_status":"closed","ping_status":"closed","template":"elementor_header_footer","meta":[],"yoast_head":"<!-- This site is optimized with the Yoast SEO plugin v18.3 - https:\/\/yoast.com\/wordpress\/plugins\/seo\/ -->\n<title>\u0130leti\u015fim - Birkil Savunma<\/title>\n<meta name=\"robots\" content=\"index, follow, max-snippet:-1, max-image-preview:large, max-video-preview:-1\" \/>\n<link rel=\"canonical\" href=\"https:\/\/birkilsavunma.com\/en\/iletisim\/\" \/>\n<meta property=\"og:locale\" content=\"en_US\" \/>\n<meta property=\"og:type\" content=\"article\" \/>\n<meta property=\"og:title\" content=\"\u0130leti\u015fim - Birkil Savunma\" \/>\n<meta property=\"og:description\" content=\"ileti\u015fim \u0130LET\u0130\u015e\u0130M KANALLARI Merkez Ofis: K\u0131z\u0131l\u0131rmak Mah. Ufuk \u00dcniversitesi Caddesi Next Level Loft No:4 Kat :15 D:44 PK: 06520 \u00c7ankaya \/ Ankara AR-GE Ofis: Gazi \u00dcniversitesi, G\u00f6lba\u015f\u0131 Yerle\u015fkesi, Bah\u00e7elievler Mah. 323\/1 Cad. &#8211; C Blok No: 10\/50-C\/112 G\u00f6lba\u015f\u0131 \/ Ankara Email: info@birkil.com Telefon: +90 312 284 8477\" \/>\n<meta property=\"og:url\" content=\"https:\/\/birkilsavunma.com\/en\/iletisim\/\" \/>\n<meta property=\"og:site_name\" content=\"Birkil Savunma\" \/>\n<meta property=\"article:modified_time\" content=\"2024-12-20T11:55:19+00:00\" \/>\n<meta property=\"og:image\" content=\"https:\/\/birkilsavunma.com\/wp-content\/uploads\/2021\/02\/contact_us_2-1.jpg\" \/>\n\t<meta property=\"og:image:width\" content=\"1920\" \/>\n\t<meta property=\"og:image:height\" content=\"1080\" \/>\n\t<meta property=\"og:image:type\" content=\"image\/jpeg\" \/>\n<meta name=\"twitter:card\" content=\"summary_large_image\" \/>\n<meta name=\"twitter:label1\" content=\"Est. reading time\" \/>\n\t<meta name=\"twitter:data1\" content=\"1 minute\" \/>\n<script type=\"application\/ld+json\" class=\"yoast-schema-graph\">{\"@context\":\"https:\/\/schema.org\",\"@graph\":[{\"@type\":\"WebSite\",\"@id\":\"https:\/\/birkilsavunma.com\/tr\/#website\",\"url\":\"https:\/\/birkilsavunma.com\/tr\/\",\"name\":\"Birkil Savunma\",\"description\":\"\u00dcst D\u00fczey Savunma Teknolojileri\",\"potentialAction\":[{\"@type\":\"SearchAction\",\"target\":{\"@type\":\"EntryPoint\",\"urlTemplate\":\"https:\/\/birkilsavunma.com\/tr\/?s={search_term_string}\"},\"query-input\":\"required name=search_term_string\"}],\"inLanguage\":\"en-US\"},{\"@type\":\"ImageObject\",\"@id\":\"https:\/\/birkilsavunma.com\/iletisim\/#primaryimage\",\"inLanguage\":\"en-US\",\"url\":\"https:\/\/birkilsavunma.com\/wp-content\/uploads\/2021\/02\/contact_us_2-1.jpg\",\"contentUrl\":\"https:\/\/birkilsavunma.com\/wp-content\/uploads\/2021\/02\/contact_us_2-1.jpg\",\"width\":1920,\"height\":1080},{\"@type\":\"WebPage\",\"@id\":\"https:\/\/birkilsavunma.com\/iletisim\/#webpage\",\"url\":\"https:\/\/birkilsavunma.com\/iletisim\/\",\"name\":\"\u0130leti\u015fim - Birkil Savunma\",\"isPartOf\":{\"@id\":\"https:\/\/birkilsavunma.com\/tr\/#website\"},\"primaryImageOfPage\":{\"@id\":\"https:\/\/birkilsavunma.com\/iletisim\/#primaryimage\"},\"datePublished\":\"2020-05-04T12:42:16+00:00\",\"dateModified\":\"2024-12-20T11:55:19+00:00\",\"breadcrumb\":{\"@id\":\"https:\/\/birkilsavunma.com\/iletisim\/#breadcrumb\"},\"inLanguage\":\"en-US\",\"potentialAction\":[{\"@type\":\"ReadAction\",\"target\":[\"https:\/\/birkilsavunma.com\/iletisim\/\"]}]},{\"@type\":\"BreadcrumbList\",\"@id\":\"https:\/\/birkilsavunma.com\/iletisim\/#breadcrumb\",\"itemListElement\":[{\"@type\":\"ListItem\",\"position\":1,\"name\":\"Anasayfa\",\"item\":\"https:\/\/birkilsavunma.com\/tr\/\"},{\"@type\":\"ListItem\",\"position\":2,\"name\":\"\u0130leti\u015fim\"}]}]}<\/script>\n<!-- \/ Yoast SEO plugin. -->","yoast_head_json":{"title":"\u0130leti\u015fim - Birkil Savunma","robots":{"index":"index","follow":"follow","max-snippet":"max-snippet:-1","max-image-preview":"max-image-preview:large","max-video-preview":"max-video-preview:-1"},"canonical":"https:\/\/birkilsavunma.com\/en\/iletisim\/","og_locale":"en_US","og_type":"article","og_title":"\u0130leti\u015fim - Birkil Savunma","og_description":"ileti\u015fim \u0130LET\u0130\u015e\u0130M KANALLARI Merkez Ofis: K\u0131z\u0131l\u0131rmak Mah. Ufuk \u00dcniversitesi Caddesi Next Level Loft No:4 Kat :15 D:44 PK: 06520 \u00c7ankaya \/ Ankara AR-GE Ofis: Gazi \u00dcniversitesi, G\u00f6lba\u015f\u0131 Yerle\u015fkesi, Bah\u00e7elievler Mah. 323\/1 Cad. &#8211; C Blok No: 10\/50-C\/112 G\u00f6lba\u015f\u0131 \/ Ankara Email: info@birkil.com Telefon: +90 312 284 8477","og_url":"https:\/\/birkilsavunma.com\/en\/iletisim\/","og_site_name":"Birkil Savunma","article_modified_time":"2024-12-20T11:55:19+00:00","og_image":[{"width":1920,"height":1080,"url":"https:\/\/birkilsavunma.com\/wp-content\/uploads\/2021\/02\/contact_us_2-1.jpg","type":"image\/jpeg"}],"twitter_card":"summary_large_image","twitter_misc":{"Est. reading time":"1 minute"},"schema":{"@context":"https:\/\/schema.org","@graph":[{"@type":"WebSite","@id":"https:\/\/birkilsavunma.com\/tr\/#website","url":"https:\/\/birkilsavunma.com\/tr\/","name":"Birkil Savunma","description":"\u00dcst D\u00fczey Savunma Teknolojileri","potentialAction":[{"@type":"SearchAction","target":{"@type":"EntryPoint","urlTemplate":"https:\/\/birkilsavunma.com\/tr\/?s={search_term_string}"},"query-input":"required name=search_term_string"}],"inLanguage":"en-US"},{"@type":"ImageObject","@id":"https:\/\/birkilsavunma.com\/iletisim\/#primaryimage","inLanguage":"en-US","url":"https:\/\/birkilsavunma.com\/wp-content\/uploads\/2021\/02\/contact_us_2-1.jpg","contentUrl":"https:\/\/birkilsavunma.com\/wp-content\/uploads\/2021\/02\/contact_us_2-1.jpg","width":1920,"height":1080},{"@type":"WebPage","@id":"https:\/\/birkilsavunma.com\/iletisim\/#webpage","url":"https:\/\/birkilsavunma.com\/iletisim\/","name":"\u0130leti\u015fim - Birkil Savunma","isPartOf":{"@id":"https:\/\/birkilsavunma.com\/tr\/#website"},"primaryImageOfPage":{"@id":"https:\/\/birkilsavunma.com\/iletisim\/#primaryimage"},"datePublished":"2020-05-04T12:42:16+00:00","dateModified":"2024-12-20T11:55:19+00:00","breadcrumb":{"@id":"https:\/\/birkilsavunma.com\/iletisim\/#breadcrumb"},"inLanguage":"en-US","potentialAction":[{"@type":"ReadAction","target":["https:\/\/birkilsavunma.com\/iletisim\/"]}]},{"@type":"BreadcrumbList","@id":"https:\/\/birkilsavunma.com\/iletisim\/#breadcrumb","itemListElement":[{"@type":"ListItem","position":1,"name":"Anasayfa","item":"https:\/\/birkilsavunma.com\/tr\/"},{"@type":"ListItem","position":2,"name":"\u0130leti\u015fim"}]}]}},"_links":{"self":[{"href":"https:\/\/birkilsavunma.com\/en\/wp-json\/wp\/v2\/pages\/3124"}],"collection":[{"href":"https:\/\/birkilsavunma.com\/en\/wp-json\/wp\/v2\/pages"}],"about":[{"href":"https:\/\/birkilsavunma.com\/en\/wp-json\/wp\/v2\/types\/page"}],"author":[{"embeddable":true,"href":"https:\/\/birkilsavunma.com\/en\/wp-json\/wp\/v2\/users\/1"}],"replies":[{"embeddable":true,"href":"https:\/\/birkilsavunma.com\/en\/wp-json\/wp\/v2\/comments?post=3124"}],"version-history":[{"count":24,"href":"https:\/\/birkilsavunma.com\/en\/wp-json\/wp\/v2\/pages\/3124\/revisions"}],"predecessor-version":[{"id":37608,"href":"https:\/\/birkilsavunma.com\/en\/wp-json\/wp\/v2\/pages\/3124\/revisions\/37608"}],"wp:featuredmedia":[{"embeddable":true,"href":"https:\/\/birkilsavunma.com\/en\/wp-json\/wp\/v2\/media\/36118"}],"wp:attachment":[{"href":"https:\/\/birkilsavunma.com\/en\/wp-json\/wp\/v2\/media?parent=3124"}],"curies":[{"name":"wp","href":"https:\/\/api.w.org\/{rel}","templated":true}]}}