{"id":37166,"date":"2022-03-20T12:46:02","date_gmt":"2022-03-20T12:46:02","guid":{"rendered":"https:\/\/birkilbilisim.com\/?page_id=37166"},"modified":"2022-03-20T12:46:02","modified_gmt":"2022-03-20T12:46:02","slug":"skyfilter","status":"publish","type":"page","link":"https:\/\/birkilsavunma.com\/en\/skyfilter\/","title":{"rendered":"Skyfilter"},"content":{"rendered":"<div data-elementor-type=\"wp-page\" data-elementor-id=\"37166\" class=\"elementor elementor-37166\" data-elementor-settings=\"[]\">\n\t\t\t\t\t\t<div class=\"elementor-inner\">\n\t\t\t\t\t\t\t<div class=\"elementor-section-wrap\">\n\t\t\t\t\t\t\t<section class=\"elementor-section elementor-top-section elementor-element elementor-element-14a6d1b elementor-section-stretched elementor-section-boxed elementor-section-height-default elementor-section-height-default\" data-id=\"14a6d1b\" data-element_type=\"section\" data-settings=\"{&quot;stretch_section&quot;:&quot;section-stretched&quot;,&quot;background_background&quot;:&quot;gradient&quot;}\">\n\t\t\t\t\t\t<div class=\"elementor-container elementor-column-gap-default\">\n\t\t\t\t\t\t\t<div class=\"elementor-row\">\n\t\t\t\t\t<div class=\"elementor-column elementor-col-100 elementor-top-column elementor-element elementor-element-4ef774d\" data-id=\"4ef774d\" data-element_type=\"column\">\n\t\t\t<div class=\"elementor-column-wrap elementor-element-populated\">\n\t\t\t\t\t\t\t<div class=\"elementor-widget-wrap\">\n\t\t\t\t\t\t<div class=\"elementor-element elementor-element-0d5499d elementor-invisible elementor-widget elementor-widget-heading\" data-id=\"0d5499d\" data-element_type=\"widget\" data-settings=\"{&quot;_animation&quot;:&quot;fadeInUp&quot;,&quot;_animation_delay&quot;:200}\" data-widget_type=\"heading.default\">\n\t\t\t\t<div class=\"elementor-widget-container\">\n\t\t\t<h1 class=\"elementor-heading-title elementor-size-default\">SKYFILTER \u00dcR\u00dcNLER\u0130<\/h1>\t\t<\/div>\n\t\t\t\t<\/div>\n\t\t\t\t\t\t<\/div>\n\t\t\t\t\t<\/div>\n\t\t<\/div>\n\t\t\t\t\t\t\t\t<\/div>\n\t\t\t\t\t<\/div>\n\t\t<\/section>\n\t\t\t\t<section class=\"elementor-section elementor-top-section elementor-element elementor-element-b30c6d6 elementor-section-boxed elementor-section-height-default elementor-section-height-default\" data-id=\"b30c6d6\" data-element_type=\"section\">\n\t\t\t\t\t\t<div class=\"elementor-container elementor-column-gap-default\">\n\t\t\t\t\t\t\t<div class=\"elementor-row\">\n\t\t\t\t\t<div class=\"elementor-column elementor-col-25 elementor-top-column elementor-element elementor-element-88cd50b\" data-id=\"88cd50b\" data-element_type=\"column\">\n\t\t\t<div class=\"elementor-column-wrap elementor-element-populated\">\n\t\t\t\t\t\t\t<div class=\"elementor-widget-wrap\">\n\t\t\t\t\t\t<div class=\"elementor-element elementor-element-a5c8c37 elementor-widget elementor-widget-radiant-fanc-text-box\" data-id=\"a5c8c37\" data-element_type=\"widget\" data-widget_type=\"radiant-fanc-text-box.default\">\n\t\t\t\t<div class=\"elementor-widget-container\">\n\t\t\t\r<!-- fancy-text-box -->\r<div class=\"rt-fancy-text-box element-three\"><div class=\"holder\"><div class=\"main-placeholder\"><div class=\"icon\"><img width=\"150\" height=\"150\" src=\"https:\/\/birkilsavunma.com\/wp-content\/uploads\/2022\/03\/1-2-3-4-5-6-150x150.jpg\" class=\"attachment-thumbnail size-thumbnail\" alt=\"\" decoding=\"async\" loading=\"lazy\" srcset=\"https:\/\/birkilsavunma.com\/wp-content\/uploads\/2022\/03\/1-2-3-4-5-6-150x150.jpg 150w, https:\/\/birkilsavunma.com\/wp-content\/uploads\/2022\/03\/1-2-3-4-5-6-13x12.jpg 13w, https:\/\/birkilsavunma.com\/wp-content\/uploads\/2022\/03\/1-2-3-4-5-6-300x300.jpg 300w, https:\/\/birkilsavunma.com\/wp-content\/uploads\/2022\/03\/1-2-3-4-5-6-100x100.jpg 100w\" sizes=\"(max-width: 150px) 100vw, 150px\" \/><\/div><div class=\"data\"><h4 class=\"title\">SKYFILTER<\/h4><p class=\"subtitle\">SF-FL-DM-DNS-01<\/p><div class=\"content\"><p><p><strong>140.000 USD + KDV \/ ADET<br \/><\/strong><\/p><\/p><\/div><\/div><\/div><\/div><\/div>\r<!-- fancy-text-box -->\r\t\t<\/div>\n\t\t\t\t<\/div>\n\t\t\t\t<div class=\"elementor-element elementor-element-f713bf9 elementor-widget elementor-widget-radiant-fanc-text-box\" data-id=\"f713bf9\" data-element_type=\"widget\" data-widget_type=\"radiant-fanc-text-box.default\">\n\t\t\t\t<div class=\"elementor-widget-container\">\n\t\t\t\r<!-- fancy-text-box -->\r<div class=\"rt-fancy-text-box element-three\"><div class=\"holder\"><div class=\"main-placeholder\"><div class=\"icon\"><img width=\"150\" height=\"150\" src=\"https:\/\/birkilsavunma.com\/wp-content\/uploads\/2022\/03\/1-2-3-4-5-6-150x150.jpg\" class=\"attachment-thumbnail size-thumbnail\" alt=\"\" decoding=\"async\" loading=\"lazy\" srcset=\"https:\/\/birkilsavunma.com\/wp-content\/uploads\/2022\/03\/1-2-3-4-5-6-150x150.jpg 150w, https:\/\/birkilsavunma.com\/wp-content\/uploads\/2022\/03\/1-2-3-4-5-6-13x12.jpg 13w, https:\/\/birkilsavunma.com\/wp-content\/uploads\/2022\/03\/1-2-3-4-5-6-300x300.jpg 300w, https:\/\/birkilsavunma.com\/wp-content\/uploads\/2022\/03\/1-2-3-4-5-6-100x100.jpg 100w\" sizes=\"(max-width: 150px) 100vw, 150px\" \/><\/div><div class=\"data\"><h4 class=\"title\">SKYFILTER<\/h4><p class=\"subtitle\">SF-FL-DM-L3\/L4-DDOS-01<\/p><div class=\"content\"><p><p><strong>150.000 USD + KDV \/ ADET<br \/><\/strong><\/p><\/p><\/div><\/div><\/div><\/div><\/div>\r<!-- fancy-text-box -->\r\t\t<\/div>\n\t\t\t\t<\/div>\n\t\t\t\t\t\t<\/div>\n\t\t\t\t\t<\/div>\n\t\t<\/div>\n\t\t\t\t<div class=\"elementor-column elementor-col-25 elementor-top-column elementor-element elementor-element-51923e9\" data-id=\"51923e9\" data-element_type=\"column\">\n\t\t\t<div class=\"elementor-column-wrap elementor-element-populated\">\n\t\t\t\t\t\t\t<div class=\"elementor-widget-wrap\">\n\t\t\t\t\t\t<div class=\"elementor-element elementor-element-a79a0a8 elementor-widget elementor-widget-radiant-fanc-text-box\" data-id=\"a79a0a8\" data-element_type=\"widget\" data-widget_type=\"radiant-fanc-text-box.default\">\n\t\t\t\t<div class=\"elementor-widget-container\">\n\t\t\t\r<!-- fancy-text-box -->\r<div class=\"rt-fancy-text-box element-three\"><div class=\"holder\"><div class=\"main-placeholder\"><div class=\"icon\"><img width=\"150\" height=\"150\" src=\"https:\/\/birkilsavunma.com\/wp-content\/uploads\/2022\/03\/1-2-3-4-5-6-150x150.jpg\" class=\"attachment-thumbnail size-thumbnail\" alt=\"\" decoding=\"async\" loading=\"lazy\" srcset=\"https:\/\/birkilsavunma.com\/wp-content\/uploads\/2022\/03\/1-2-3-4-5-6-150x150.jpg 150w, https:\/\/birkilsavunma.com\/wp-content\/uploads\/2022\/03\/1-2-3-4-5-6-13x12.jpg 13w, https:\/\/birkilsavunma.com\/wp-content\/uploads\/2022\/03\/1-2-3-4-5-6-300x300.jpg 300w, https:\/\/birkilsavunma.com\/wp-content\/uploads\/2022\/03\/1-2-3-4-5-6-100x100.jpg 100w\" sizes=\"(max-width: 150px) 100vw, 150px\" \/><\/div><div class=\"data\"><h4 class=\"title\">SKYFILTER<\/h4><p class=\"subtitle\">SF300-DM-L3\/L4-DDOS<\/p><div class=\"content\"><p><p><strong>180.000 USD + KDV \/ ADET<br \/><\/strong><\/p><\/p><\/div><\/div><\/div><\/div><\/div>\r<!-- fancy-text-box -->\r\t\t<\/div>\n\t\t\t\t<\/div>\n\t\t\t\t<div class=\"elementor-element elementor-element-2342d6f elementor-widget elementor-widget-radiant-fanc-text-box\" data-id=\"2342d6f\" data-element_type=\"widget\" data-widget_type=\"radiant-fanc-text-box.default\">\n\t\t\t\t<div class=\"elementor-widget-container\">\n\t\t\t\r<!-- fancy-text-box -->\r<div class=\"rt-fancy-text-box element-three\"><div class=\"holder\"><div class=\"main-placeholder\"><div class=\"icon\"><img width=\"150\" height=\"150\" src=\"https:\/\/birkilsavunma.com\/wp-content\/uploads\/2022\/03\/1-2-3-4-5-6-150x150.jpg\" class=\"attachment-thumbnail size-thumbnail\" alt=\"\" decoding=\"async\" loading=\"lazy\" srcset=\"https:\/\/birkilsavunma.com\/wp-content\/uploads\/2022\/03\/1-2-3-4-5-6-150x150.jpg 150w, https:\/\/birkilsavunma.com\/wp-content\/uploads\/2022\/03\/1-2-3-4-5-6-13x12.jpg 13w, https:\/\/birkilsavunma.com\/wp-content\/uploads\/2022\/03\/1-2-3-4-5-6-300x300.jpg 300w, https:\/\/birkilsavunma.com\/wp-content\/uploads\/2022\/03\/1-2-3-4-5-6-100x100.jpg 100w\" sizes=\"(max-width: 150px) 100vw, 150px\" \/><\/div><div class=\"data\"><h4 class=\"title\">SKYFILTER<\/h4><p class=\"subtitle\">SF-FL-DM-L7-DDOS-01<\/p><div class=\"content\"><p><p><strong>145.000 USD + KDV \/ ADET<br \/><\/strong><\/p><\/p><\/div><\/div><\/div><\/div><\/div>\r<!-- fancy-text-box -->\r\t\t<\/div>\n\t\t\t\t<\/div>\n\t\t\t\t\t\t<\/div>\n\t\t\t\t\t<\/div>\n\t\t<\/div>\n\t\t\t\t<div class=\"elementor-column elementor-col-25 elementor-top-column elementor-element elementor-element-ebb8250\" data-id=\"ebb8250\" data-element_type=\"column\">\n\t\t\t<div class=\"elementor-column-wrap elementor-element-populated\">\n\t\t\t\t\t\t\t<div class=\"elementor-widget-wrap\">\n\t\t\t\t\t\t<div class=\"elementor-element elementor-element-ca71ab6 elementor-widget elementor-widget-radiant-fanc-text-box\" data-id=\"ca71ab6\" data-element_type=\"widget\" data-widget_type=\"radiant-fanc-text-box.default\">\n\t\t\t\t<div class=\"elementor-widget-container\">\n\t\t\t\r<!-- fancy-text-box -->\r<div class=\"rt-fancy-text-box element-three\"><div class=\"holder\"><div class=\"main-placeholder\"><div class=\"icon\"><img width=\"150\" height=\"150\" src=\"https:\/\/birkilsavunma.com\/wp-content\/uploads\/2022\/03\/1-2-3-4-5-6-150x150.jpg\" class=\"attachment-thumbnail size-thumbnail\" alt=\"\" decoding=\"async\" loading=\"lazy\" srcset=\"https:\/\/birkilsavunma.com\/wp-content\/uploads\/2022\/03\/1-2-3-4-5-6-150x150.jpg 150w, https:\/\/birkilsavunma.com\/wp-content\/uploads\/2022\/03\/1-2-3-4-5-6-13x12.jpg 13w, https:\/\/birkilsavunma.com\/wp-content\/uploads\/2022\/03\/1-2-3-4-5-6-300x300.jpg 300w, https:\/\/birkilsavunma.com\/wp-content\/uploads\/2022\/03\/1-2-3-4-5-6-100x100.jpg 100w\" sizes=\"(max-width: 150px) 100vw, 150px\" \/><\/div><div class=\"data\"><h4 class=\"title\">SKYFILTER<\/h4><p class=\"subtitle\">SF300-DM-L7-DDOS<\/p><div class=\"content\"><p><p><strong>175.000 USD + KDV \/ ADET<br \/><\/strong><\/p><\/p><\/div><\/div><\/div><\/div><\/div>\r<!-- fancy-text-box -->\r\t\t<\/div>\n\t\t\t\t<\/div>\n\t\t\t\t<div class=\"elementor-element elementor-element-ee0571f elementor-widget elementor-widget-radiant-fanc-text-box\" data-id=\"ee0571f\" data-element_type=\"widget\" data-widget_type=\"radiant-fanc-text-box.default\">\n\t\t\t\t<div class=\"elementor-widget-container\">\n\t\t\t\r<!-- fancy-text-box -->\r<div class=\"rt-fancy-text-box element-three\"><div class=\"holder\"><div class=\"main-placeholder\"><div class=\"icon\"><img width=\"150\" height=\"150\" src=\"https:\/\/birkilsavunma.com\/wp-content\/uploads\/2022\/03\/1-2-3-4-5-6-150x150.jpg\" class=\"attachment-thumbnail size-thumbnail\" alt=\"\" decoding=\"async\" loading=\"lazy\" srcset=\"https:\/\/birkilsavunma.com\/wp-content\/uploads\/2022\/03\/1-2-3-4-5-6-150x150.jpg 150w, https:\/\/birkilsavunma.com\/wp-content\/uploads\/2022\/03\/1-2-3-4-5-6-13x12.jpg 13w, https:\/\/birkilsavunma.com\/wp-content\/uploads\/2022\/03\/1-2-3-4-5-6-300x300.jpg 300w, https:\/\/birkilsavunma.com\/wp-content\/uploads\/2022\/03\/1-2-3-4-5-6-100x100.jpg 100w\" sizes=\"(max-width: 150px) 100vw, 150px\" \/><\/div><div class=\"data\"><h4 class=\"title\">SKYFILTER<\/h4><p class=\"subtitle\">SF-DM-RT-001<\/p><div class=\"content\"><p><p><strong>105.000 USD + KDV \/ ADET<br \/><\/strong><\/p><\/p><\/div><\/div><\/div><\/div><\/div>\r<!-- fancy-text-box -->\r\t\t<\/div>\n\t\t\t\t<\/div>\n\t\t\t\t\t\t<\/div>\n\t\t\t\t\t<\/div>\n\t\t<\/div>\n\t\t\t\t<div class=\"elementor-column elementor-col-25 elementor-top-column elementor-element elementor-element-85ed1de\" data-id=\"85ed1de\" data-element_type=\"column\">\n\t\t\t<div class=\"elementor-column-wrap elementor-element-populated\">\n\t\t\t\t\t\t\t<div class=\"elementor-widget-wrap\">\n\t\t\t\t\t\t<div class=\"elementor-element elementor-element-519d913 elementor-widget elementor-widget-radiant-fanc-text-box\" data-id=\"519d913\" data-element_type=\"widget\" data-widget_type=\"radiant-fanc-text-box.default\">\n\t\t\t\t<div class=\"elementor-widget-container\">\n\t\t\t\r<!-- fancy-text-box -->\r<div class=\"rt-fancy-text-box element-three\"><div class=\"holder\"><div class=\"main-placeholder\"><div class=\"icon\"><img width=\"150\" height=\"150\" src=\"https:\/\/birkilsavunma.com\/wp-content\/uploads\/2022\/03\/1-2-3-4-5-6-150x150.jpg\" class=\"attachment-thumbnail size-thumbnail\" alt=\"\" decoding=\"async\" loading=\"lazy\" srcset=\"https:\/\/birkilsavunma.com\/wp-content\/uploads\/2022\/03\/1-2-3-4-5-6-150x150.jpg 150w, https:\/\/birkilsavunma.com\/wp-content\/uploads\/2022\/03\/1-2-3-4-5-6-13x12.jpg 13w, https:\/\/birkilsavunma.com\/wp-content\/uploads\/2022\/03\/1-2-3-4-5-6-300x300.jpg 300w, https:\/\/birkilsavunma.com\/wp-content\/uploads\/2022\/03\/1-2-3-4-5-6-100x100.jpg 100w\" sizes=\"(max-width: 150px) 100vw, 150px\" \/><\/div><div class=\"data\"><h4 class=\"title\">SKYFILTER<\/h4><p class=\"subtitle\">SF300-DM-DNS<\/p><div class=\"content\"><p><p><strong>170.000 USD + KDV \/ ADET<br \/><\/strong><\/p><\/p><\/div><\/div><\/div><\/div><\/div>\r<!-- fancy-text-box -->\r\t\t<\/div>\n\t\t\t\t<\/div>\n\t\t\t\t<div class=\"elementor-element elementor-element-d3ed7fe elementor-widget elementor-widget-radiant-fanc-text-box\" data-id=\"d3ed7fe\" data-element_type=\"widget\" data-widget_type=\"radiant-fanc-text-box.default\">\n\t\t\t\t<div class=\"elementor-widget-container\">\n\t\t\t\r<!-- fancy-text-box -->\r<div class=\"rt-fancy-text-box element-three\"><div class=\"holder\"><div class=\"main-placeholder\"><div class=\"icon\"><img width=\"150\" height=\"150\" src=\"https:\/\/birkilsavunma.com\/wp-content\/uploads\/2022\/03\/1-2-3-4-5-6-150x150.jpg\" class=\"attachment-thumbnail size-thumbnail\" alt=\"\" decoding=\"async\" loading=\"lazy\" srcset=\"https:\/\/birkilsavunma.com\/wp-content\/uploads\/2022\/03\/1-2-3-4-5-6-150x150.jpg 150w, https:\/\/birkilsavunma.com\/wp-content\/uploads\/2022\/03\/1-2-3-4-5-6-13x12.jpg 13w, https:\/\/birkilsavunma.com\/wp-content\/uploads\/2022\/03\/1-2-3-4-5-6-300x300.jpg 300w, https:\/\/birkilsavunma.com\/wp-content\/uploads\/2022\/03\/1-2-3-4-5-6-100x100.jpg 100w\" sizes=\"(max-width: 150px) 100vw, 150px\" \/><\/div><div class=\"data\"><h4 class=\"title\">SKYFILTER<\/h4><p class=\"subtitle\">SF-DM-RT-002<\/p><div class=\"content\"><p><p><strong>49.000 USD + KDV \/ ADET<br \/><\/strong><\/p><\/p><\/div><\/div><\/div><\/div><\/div>\r<!-- fancy-text-box -->\r\t\t<\/div>\n\t\t\t\t<\/div>\n\t\t\t\t\t\t<\/div>\n\t\t\t\t\t<\/div>\n\t\t<\/div>\n\t\t\t\t\t\t\t\t<\/div>\n\t\t\t\t\t<\/div>\n\t\t<\/section>\n\t\t\t\t\t\t<\/div>\n\t\t\t\t\t\t<\/div>\n\t\t\t\t\t<\/div>","protected":false},"excerpt":{"rendered":"<p>SKYFILTER \u00dcR\u00dcNLER\u0130 SKYFILTER SF-FL-DM-DNS-01 140.000 USD + KDV \/ ADET SKYFILTER SF-FL-DM-L3\/L4-DDOS-01 150.000 USD + KDV \/ ADET SKYFILTER SF300-DM-L3\/L4-DDOS 180.000 USD + KDV \/ ADET SKYFILTER SF-FL-DM-L7-DDOS-01 145.000 USD + KDV \/ ADET SKYFILTER SF300-DM-L7-DDOS 175.000 USD + KDV \/ ADET SKYFILTER SF-DM-RT-001 105.000 USD + KDV \/ ADET SKYFILTER SF300-DM-DNS 170.000 USD + [&hellip;]<\/p>","protected":false},"author":1,"featured_media":36874,"parent":0,"menu_order":0,"comment_status":"closed","ping_status":"closed","template":"","meta":[],"yoast_head":"<!-- This site is optimized with the Yoast SEO plugin v18.3 - https:\/\/yoast.com\/wordpress\/plugins\/seo\/ -->\n<title>Skyfilter - Birkil Savunma<\/title>\n<meta name=\"description\" content=\"Birkil firmas\u0131 olarak Skyfilter \u00fcr\u00fcnlerinin tedari\u011fini sizler i\u00e7in sa\u011flayabiliriz. Sitemizdeki Skyfilter \u00fcr\u00fcnlerini inceleyin.\" \/>\n<meta name=\"robots\" content=\"index, follow, max-snippet:-1, max-image-preview:large, max-video-preview:-1\" \/>\n<link rel=\"canonical\" href=\"https:\/\/birkilsavunma.com\/en\/skyfilter\/\" \/>\n<meta property=\"og:locale\" content=\"en_US\" \/>\n<meta property=\"og:type\" content=\"article\" \/>\n<meta property=\"og:title\" content=\"Skyfilter - Birkil Savunma\" \/>\n<meta property=\"og:description\" content=\"Birkil firmas\u0131 olarak Skyfilter \u00fcr\u00fcnlerinin tedari\u011fini sizler i\u00e7in sa\u011flayabiliriz. Sitemizdeki Skyfilter \u00fcr\u00fcnlerini inceleyin.\" \/>\n<meta property=\"og:url\" content=\"https:\/\/birkilsavunma.com\/en\/skyfilter\/\" \/>\n<meta property=\"og:site_name\" content=\"Birkil Savunma\" \/>\n<meta property=\"og:image\" content=\"https:\/\/birkilsavunma.com\/wp-content\/uploads\/2021\/03\/silah3-29-1-1.jpg\" \/>\n\t<meta property=\"og:image:width\" content=\"1600\" \/>\n\t<meta property=\"og:image:height\" content=\"800\" \/>\n\t<meta property=\"og:image:type\" content=\"image\/jpeg\" \/>\n<meta name=\"twitter:card\" content=\"summary_large_image\" \/>\n<meta name=\"twitter:label1\" content=\"Est. reading time\" \/>\n\t<meta name=\"twitter:data1\" content=\"2 minutes\" \/>\n<script type=\"application\/ld+json\" class=\"yoast-schema-graph\">{\"@context\":\"https:\/\/schema.org\",\"@graph\":[{\"@type\":\"WebSite\",\"@id\":\"https:\/\/birkilsavunma.com\/tr\/#website\",\"url\":\"https:\/\/birkilsavunma.com\/tr\/\",\"name\":\"Birkil Savunma\",\"description\":\"\u00dcst D\u00fczey Savunma Teknolojileri\",\"potentialAction\":[{\"@type\":\"SearchAction\",\"target\":{\"@type\":\"EntryPoint\",\"urlTemplate\":\"https:\/\/birkilsavunma.com\/tr\/?s={search_term_string}\"},\"query-input\":\"required name=search_term_string\"}],\"inLanguage\":\"en-US\"},{\"@type\":\"ImageObject\",\"@id\":\"https:\/\/birkilsavunma.com\/skyfilter\/#primaryimage\",\"inLanguage\":\"en-US\",\"url\":\"https:\/\/birkilsavunma.com\/wp-content\/uploads\/2021\/03\/silah3-29-1-1.jpg\",\"contentUrl\":\"https:\/\/birkilsavunma.com\/wp-content\/uploads\/2021\/03\/silah3-29-1-1.jpg\",\"width\":1600,\"height\":800},{\"@type\":\"WebPage\",\"@id\":\"https:\/\/birkilsavunma.com\/skyfilter\/#webpage\",\"url\":\"https:\/\/birkilsavunma.com\/skyfilter\/\",\"name\":\"Skyfilter - Birkil Savunma\",\"isPartOf\":{\"@id\":\"https:\/\/birkilsavunma.com\/tr\/#website\"},\"primaryImageOfPage\":{\"@id\":\"https:\/\/birkilsavunma.com\/skyfilter\/#primaryimage\"},\"datePublished\":\"2022-03-20T12:46:02+00:00\",\"dateModified\":\"2022-03-20T12:46:02+00:00\",\"description\":\"Birkil firmas\u0131 olarak Skyfilter \u00fcr\u00fcnlerinin tedari\u011fini sizler i\u00e7in sa\u011flayabiliriz. Sitemizdeki Skyfilter \u00fcr\u00fcnlerini inceleyin.\",\"breadcrumb\":{\"@id\":\"https:\/\/birkilsavunma.com\/skyfilter\/#breadcrumb\"},\"inLanguage\":\"en-US\",\"potentialAction\":[{\"@type\":\"ReadAction\",\"target\":[\"https:\/\/birkilsavunma.com\/skyfilter\/\"]}]},{\"@type\":\"BreadcrumbList\",\"@id\":\"https:\/\/birkilsavunma.com\/skyfilter\/#breadcrumb\",\"itemListElement\":[{\"@type\":\"ListItem\",\"position\":1,\"name\":\"Anasayfa\",\"item\":\"https:\/\/birkilsavunma.com\/tr\/\"},{\"@type\":\"ListItem\",\"position\":2,\"name\":\"Skyfilter\"}]}]}<\/script>\n<!-- \/ Yoast SEO plugin. -->","yoast_head_json":{"title":"Skyfilter - Birkil Savunma","description":"Birkil firmas\u0131 olarak Skyfilter \u00fcr\u00fcnlerinin tedari\u011fini sizler i\u00e7in sa\u011flayabiliriz. Sitemizdeki Skyfilter \u00fcr\u00fcnlerini inceleyin.","robots":{"index":"index","follow":"follow","max-snippet":"max-snippet:-1","max-image-preview":"max-image-preview:large","max-video-preview":"max-video-preview:-1"},"canonical":"https:\/\/birkilsavunma.com\/en\/skyfilter\/","og_locale":"en_US","og_type":"article","og_title":"Skyfilter - Birkil Savunma","og_description":"Birkil firmas\u0131 olarak Skyfilter \u00fcr\u00fcnlerinin tedari\u011fini sizler i\u00e7in sa\u011flayabiliriz. Sitemizdeki Skyfilter \u00fcr\u00fcnlerini inceleyin.","og_url":"https:\/\/birkilsavunma.com\/en\/skyfilter\/","og_site_name":"Birkil Savunma","og_image":[{"width":1600,"height":800,"url":"https:\/\/birkilsavunma.com\/wp-content\/uploads\/2021\/03\/silah3-29-1-1.jpg","type":"image\/jpeg"}],"twitter_card":"summary_large_image","twitter_misc":{"Est. reading time":"2 minutes"},"schema":{"@context":"https:\/\/schema.org","@graph":[{"@type":"WebSite","@id":"https:\/\/birkilsavunma.com\/tr\/#website","url":"https:\/\/birkilsavunma.com\/tr\/","name":"Birkil Savunma","description":"\u00dcst D\u00fczey Savunma Teknolojileri","potentialAction":[{"@type":"SearchAction","target":{"@type":"EntryPoint","urlTemplate":"https:\/\/birkilsavunma.com\/tr\/?s={search_term_string}"},"query-input":"required name=search_term_string"}],"inLanguage":"en-US"},{"@type":"ImageObject","@id":"https:\/\/birkilsavunma.com\/skyfilter\/#primaryimage","inLanguage":"en-US","url":"https:\/\/birkilsavunma.com\/wp-content\/uploads\/2021\/03\/silah3-29-1-1.jpg","contentUrl":"https:\/\/birkilsavunma.com\/wp-content\/uploads\/2021\/03\/silah3-29-1-1.jpg","width":1600,"height":800},{"@type":"WebPage","@id":"https:\/\/birkilsavunma.com\/skyfilter\/#webpage","url":"https:\/\/birkilsavunma.com\/skyfilter\/","name":"Skyfilter - Birkil Savunma","isPartOf":{"@id":"https:\/\/birkilsavunma.com\/tr\/#website"},"primaryImageOfPage":{"@id":"https:\/\/birkilsavunma.com\/skyfilter\/#primaryimage"},"datePublished":"2022-03-20T12:46:02+00:00","dateModified":"2022-03-20T12:46:02+00:00","description":"Birkil firmas\u0131 olarak Skyfilter \u00fcr\u00fcnlerinin tedari\u011fini sizler i\u00e7in sa\u011flayabiliriz. Sitemizdeki Skyfilter \u00fcr\u00fcnlerini inceleyin.","breadcrumb":{"@id":"https:\/\/birkilsavunma.com\/skyfilter\/#breadcrumb"},"inLanguage":"en-US","potentialAction":[{"@type":"ReadAction","target":["https:\/\/birkilsavunma.com\/skyfilter\/"]}]},{"@type":"BreadcrumbList","@id":"https:\/\/birkilsavunma.com\/skyfilter\/#breadcrumb","itemListElement":[{"@type":"ListItem","position":1,"name":"Anasayfa","item":"https:\/\/birkilsavunma.com\/tr\/"},{"@type":"ListItem","position":2,"name":"Skyfilter"}]}]}},"_links":{"self":[{"href":"https:\/\/birkilsavunma.com\/en\/wp-json\/wp\/v2\/pages\/37166"}],"collection":[{"href":"https:\/\/birkilsavunma.com\/en\/wp-json\/wp\/v2\/pages"}],"about":[{"href":"https:\/\/birkilsavunma.com\/en\/wp-json\/wp\/v2\/types\/page"}],"author":[{"embeddable":true,"href":"https:\/\/birkilsavunma.com\/en\/wp-json\/wp\/v2\/users\/1"}],"replies":[{"embeddable":true,"href":"https:\/\/birkilsavunma.com\/en\/wp-json\/wp\/v2\/comments?post=37166"}],"version-history":[{"count":0,"href":"https:\/\/birkilsavunma.com\/en\/wp-json\/wp\/v2\/pages\/37166\/revisions"}],"wp:featuredmedia":[{"embeddable":true,"href":"https:\/\/birkilsavunma.com\/en\/wp-json\/wp\/v2\/media\/36874"}],"wp:attachment":[{"href":"https:\/\/birkilsavunma.com\/en\/wp-json\/wp\/v2\/media?parent=37166"}],"curies":[{"name":"wp","href":"https:\/\/api.w.org\/{rel}","templated":true}]}}