{"id":35923,"date":"2021-02-20T16:06:11","date_gmt":"2021-02-20T16:06:11","guid":{"rendered":"https:\/\/birkilsavunma.com\/?page_id=35923"},"modified":"2022-03-15T10:22:19","modified_gmt":"2022-03-15T10:22:19","slug":"savunma-hizmetleri","status":"publish","type":"page","link":"https:\/\/birkilsavunma.com\/tr\/savunma-hizmetleri\/","title":{"rendered":"Savunma Hizmetleri"},"content":{"rendered":"\t\t<div data-elementor-type=\"wp-page\" data-elementor-id=\"35923\" class=\"elementor elementor-35923\" data-elementor-settings=\"[]\">\n\t\t\t\t\t\t<div class=\"elementor-inner\">\n\t\t\t\t\t\t\t<div class=\"elementor-section-wrap\">\n\t\t\t\t\t\t\t<section class=\"elementor-section elementor-top-section elementor-element elementor-element-1690f42 elementor-section-full_width elementor-section-height-full elementor-section-items-top elementor-section-content-top elementor-section-stretched elementor-section-height-default\" data-id=\"1690f42\" data-element_type=\"section\" data-settings=\"{&quot;stretch_section&quot;:&quot;section-stretched&quot;}\">\n\t\t\t\t\t\t<div class=\"elementor-container elementor-column-gap-no\">\n\t\t\t\t\t\t\t<div class=\"elementor-row\">\n\t\t\t\t\t<div class=\"elementor-column elementor-col-100 elementor-top-column elementor-element elementor-element-eaf270b\" data-id=\"eaf270b\" data-element_type=\"column\">\n\t\t\t<div class=\"elementor-column-wrap elementor-element-populated\">\n\t\t\t\t\t\t\t<div class=\"elementor-widget-wrap\">\n\t\t\t\t\t\t<div class=\"elementor-element elementor-element-8063b2f elementor-widget elementor-widget-slider_revolution\" data-id=\"8063b2f\" data-element_type=\"widget\" data-widget_type=\"slider_revolution.default\">\n\t\t\t\t<div class=\"elementor-widget-container\">\n\t\t\t\n\t\t<div class=\"wp-block-themepunch-revslider\">\n\t\t\t<!-- START banner1 1 1 1 REVOLUTION SLIDER 6.3.9 --><p class=\"rs-p-wp-fix\"><\/p>\n\t\t\t<rs-module-wrap id=\"rev_slider_26_1_wrapper\" data-source=\"gallery\" style=\"background:transparent;padding:0;margin:0px auto;margin-top:0;margin-bottom:0;max-width:100%;\">\n\t\t\t\t<rs-module id=\"rev_slider_26_1\" style=\"\" data-version=\"6.3.9\">\n\t\t\t\t\t<rs-slides>\n\t\t\t\t\t\t<rs-slide data-key=\"rs-73\" data-title=\"Banner1\" data-anim=\"ei:d;eo:d;s:d;r:default;t:fadethroughlight;sl:d;\">\n\t\t\t\t\t\t\t<img decoding=\"async\" loading=\"lazy\" src=\"\/\/birkilsavunma.com\/wp-content\/uploads\/2021\/02\/Arkpaln.jpg\" title=\"Arkpaln\" width=\"1600\" height=\"900\" data-parallax=\"10\" class=\"rev-slidebg\" data-no-retina>\n<!--\n\t\t\t\t\t\t\t--><rs-layer\n\t\t\t\t\t\t\t\tid=\"slider-26-slide-73-layer-0\" \n\t\t\t\t\t\t\t\tclass=\"rs-pxl-1\"\n\t\t\t\t\t\t\t\tdata-type=\"text\"\n\t\t\t\t\t\t\t\tdata-rsp_ch=\"on\"\n\t\t\t\t\t\t\t\tdata-xy=\"xo:92px,74px,74px,90px;yo:519px,419px,419px,465px;\"\n\t\t\t\t\t\t\t\tdata-text=\"w:normal;s:60,48,48,47;l:98,79,79,46;fw:900;a:center;\"\n\t\t\t\t\t\t\t\tdata-dim=\"w:1381px,1117px,1117px,auto;minh:0,none,0,none;\"\n\t\t\t\t\t\t\t\tdata-frame_0=\"o:1;\"\n\t\t\t\t\t\t\t\tdata-frame_0_chars=\"d:5;o:0;rX:-90deg;oZ:-50;\"\n\t\t\t\t\t\t\t\tdata-frame_1=\"sp:1750;\"\n\t\t\t\t\t\t\t\tdata-frame_1_chars=\"e:power4.inOut;d:10;oZ:-50;\"\n\t\t\t\t\t\t\t\tdata-frame_999=\"o:1;st:3820;sp:1750;sR:260;\"\n\t\t\t\t\t\t\t\tdata-frame_999_chars=\"e:power4.inOut;d:10;y:0;o:0;rX:90deg;oZ:-50;\"\n\t\t\t\t\t\t\t\tstyle=\"z-index:10;font-family:Poppins;\"\n\t\t\t\t\t\t\t>H\u0130ZMETLER\u0130 \n\t\t\t\t\t\t\t<\/rs-layer><!--\n\n\t\t\t\t\t\t\t--><rs-layer\n\t\t\t\t\t\t\t\tid=\"slider-26-slide-73-layer-1\" \n\t\t\t\t\t\t\t\tdata-type=\"image\"\n\t\t\t\t\t\t\t\tdata-rsp_ch=\"on\"\n\t\t\t\t\t\t\t\tdata-xy=\"xo:-359px,-290px,-290px,-315px;yo:-74px,-59px,-59px,-26px;\"\n\t\t\t\t\t\t\t\tdata-text=\"w:normal;s:20,16,16,7;l:0,20,20,9;\"\n\t\t\t\t\t\t\t\tdata-dim=\"w:2000px,1617px,1617px,1005px;h:1451px,1173px,1173px,729px;\"\n\t\t\t\t\t\t\t\tdata-frame_0=\"x:-50,-40,-40,-18;\"\n\t\t\t\t\t\t\t\tdata-frame_1=\"sp:1000;\"\n\t\t\t\t\t\t\t\tdata-frame_999=\"o:0;st:w;sR:8000;\"\n\t\t\t\t\t\t\t\tstyle=\"z-index:7;\"\n\t\t\t\t\t\t\t><img decoding=\"async\" loading=\"lazy\" src=\"\/\/birkilsavunma.com\/wp-content\/uploads\/2021\/03\/Monty-HUNTING-outdoor-187-1.jpg\" width=\"2000\" height=\"1451\" data-no-retina> \n\t\t\t\t\t\t\t<\/rs-layer><!--\n\n\t\t\t\t\t\t\t--><rs-layer\n\t\t\t\t\t\t\t\tid=\"slider-26-slide-73-layer-4\" \n\t\t\t\t\t\t\t\tclass=\"rs-pxl-1\"\n\t\t\t\t\t\t\t\tdata-type=\"text\"\n\t\t\t\t\t\t\t\tdata-rsp_ch=\"on\"\n\t\t\t\t\t\t\t\tdata-xy=\"xo:-281px,-227px,-227px,98px;yo:519px,419px,419px,407px;\"\n\t\t\t\t\t\t\t\tdata-text=\"w:normal;s:60,48,48,47;l:98,79,79,46;fw:900;a:center;\"\n\t\t\t\t\t\t\t\tdata-dim=\"w:1381px,1117px,1117px,auto;minh:0,none,0,none;\"\n\t\t\t\t\t\t\t\tdata-frame_0=\"o:1;\"\n\t\t\t\t\t\t\t\tdata-frame_0_chars=\"d:5;o:0;rX:90deg;oZ:-50;\"\n\t\t\t\t\t\t\t\tdata-frame_1=\"sp:1750;\"\n\t\t\t\t\t\t\t\tdata-frame_1_chars=\"e:power4.inOut;d:10;oZ:-50;\"\n\t\t\t\t\t\t\t\tdata-frame_999=\"o:1;st:3820;sp:1750;sR:560;\"\n\t\t\t\t\t\t\t\tdata-frame_999_chars=\"e:power4.inOut;d:10;y:0;o:0;rX:-90deg;oZ:-50;\"\n\t\t\t\t\t\t\t\tstyle=\"z-index:9;font-family:Poppins;\"\n\t\t\t\t\t\t\t>SAVUNMA    \n\t\t\t\t\t\t\t<\/rs-layer><!--\n-->\t\t\t\t\t\t<\/rs-slide>\n\t\t\t\t\t<\/rs-slides>\n\t\t\t\t\t<rs-static-layers><!--\n\t\t\t\t\t--><\/rs-static-layers>\n\t\t\t\t<\/rs-module>\n\t\t\t<\/rs-module-wrap>\n\t\t\t<!-- END REVOLUTION SLIDER -->\n<\/div>\n\n\t\t\t\t<\/div>\n\t\t\t\t<\/div>\n\t\t\t\t\t\t<\/div>\n\t\t\t\t\t<\/div>\n\t\t<\/div>\n\t\t\t\t\t\t\t\t<\/div>\n\t\t\t\t\t<\/div>\n\t\t<\/section>\n\t\t\t\t<section class=\"elementor-section elementor-top-section elementor-element elementor-element-3c763d1 elementor-section-boxed elementor-section-height-default elementor-section-height-default\" data-id=\"3c763d1\" data-element_type=\"section\">\n\t\t\t\t\t\t<div class=\"elementor-container elementor-column-gap-default\">\n\t\t\t\t\t\t\t<div class=\"elementor-row\">\n\t\t\t\t\t<div class=\"elementor-column elementor-col-100 elementor-top-column elementor-element elementor-element-63dd73e\" data-id=\"63dd73e\" data-element_type=\"column\">\n\t\t\t<div class=\"elementor-column-wrap elementor-element-populated\">\n\t\t\t\t\t\t\t<div class=\"elementor-widget-wrap\">\n\t\t\t\t\t\t<div class=\"elementor-element elementor-element-9a96c98 elementor-widget elementor-widget-radiant-portfolio\" data-id=\"9a96c98\" data-element_type=\"widget\" data-widget_type=\"radiant-portfolio.default\">\n\t\t\t\t<div class=\"elementor-widget-container\">\n\t\t\t<div class=\"rt-portfolio-box element-sixteen row isotope\"><div class=\"rt-portfolio-box-item col-lg-4 col-md-4 col-sm-4 col-xs-12 savunma \"><div class=\"holder\"><div class=\"pic\"><a href=\"https:\/\/birkilsavunma.com\/tr\/portfolio\/muhimmat-ve-silah-sistemleri\/\"><img width=\"1600\" height=\"800\" src=\"https:\/\/birkilsavunma.com\/wp-content\/uploads\/2021\/02\/silah3.jpg\" class=\"attachment-full size-full wp-post-image\" alt=\"\" decoding=\"async\" loading=\"lazy\" srcset=\"https:\/\/birkilsavunma.com\/wp-content\/uploads\/2021\/02\/silah3.jpg 1600w, https:\/\/birkilsavunma.com\/wp-content\/uploads\/2021\/02\/silah3-300x150.jpg 300w, https:\/\/birkilsavunma.com\/wp-content\/uploads\/2021\/02\/silah3-1024x512.jpg 1024w, https:\/\/birkilsavunma.com\/wp-content\/uploads\/2021\/02\/silah3-768x384.jpg 768w, https:\/\/birkilsavunma.com\/wp-content\/uploads\/2021\/02\/silah3-1536x768.jpg 1536w, https:\/\/birkilsavunma.com\/wp-content\/uploads\/2021\/02\/silah3-600x300.jpg 600w\" sizes=\"(max-width: 1600px) 100vw, 1600px\" \/><\/a><\/div><\/div><div class=\"data\"><h4 class=\"title\"><a href=\"https:\/\/birkilsavunma.com\/tr\/portfolio\/muhimmat-ve-silah-sistemleri\/\">M\u00fchimmat ve Silah Sistemleri<\/a><\/h4><div class=\"categories\"><span>Savunma<\/span><\/div><\/div><\/div><div class=\"rt-portfolio-box-item col-lg-4 col-md-4 col-sm-4 col-xs-12 savunma \"><div class=\"holder\"><div class=\"pic\"><a href=\"https:\/\/birkilsavunma.com\/tr\/portfolio\/celik-yelekler-ve-kasklar\/\"><img width=\"1600\" height=\"800\" src=\"https:\/\/birkilsavunma.com\/wp-content\/uploads\/2021\/02\/Basliksiz-1-5.jpg\" class=\"attachment-full size-full wp-post-image\" alt=\"\" decoding=\"async\" loading=\"lazy\" srcset=\"https:\/\/birkilsavunma.com\/wp-content\/uploads\/2021\/02\/Basliksiz-1-5.jpg 1600w, https:\/\/birkilsavunma.com\/wp-content\/uploads\/2021\/02\/Basliksiz-1-5-300x150.jpg 300w, https:\/\/birkilsavunma.com\/wp-content\/uploads\/2021\/02\/Basliksiz-1-5-1024x512.jpg 1024w, https:\/\/birkilsavunma.com\/wp-content\/uploads\/2021\/02\/Basliksiz-1-5-768x384.jpg 768w, https:\/\/birkilsavunma.com\/wp-content\/uploads\/2021\/02\/Basliksiz-1-5-1536x768.jpg 1536w, https:\/\/birkilsavunma.com\/wp-content\/uploads\/2021\/02\/Basliksiz-1-5-600x300.jpg 600w\" sizes=\"(max-width: 1600px) 100vw, 1600px\" \/><\/a><\/div><\/div><div class=\"data\"><h4 class=\"title\"><a href=\"https:\/\/birkilsavunma.com\/tr\/portfolio\/celik-yelekler-ve-kasklar\/\">\u00c7elik Yelekler ve Kasklar<\/a><\/h4><div class=\"categories\"><span>Savunma<\/span><\/div><\/div><\/div><div class=\"rt-portfolio-box-item col-lg-4 col-md-4 col-sm-4 col-xs-12 savunma \"><div class=\"holder\"><div class=\"pic\"><a href=\"https:\/\/birkilsavunma.com\/tr\/portfolio\/lazer-ve-termal-optik-sistemleri\/\"><img width=\"1600\" height=\"800\" src=\"https:\/\/birkilsavunma.com\/wp-content\/uploads\/2021\/02\/Basliksiz-1-6.jpg\" class=\"attachment-full size-full wp-post-image\" alt=\"\" decoding=\"async\" loading=\"lazy\" srcset=\"https:\/\/birkilsavunma.com\/wp-content\/uploads\/2021\/02\/Basliksiz-1-6.jpg 1600w, https:\/\/birkilsavunma.com\/wp-content\/uploads\/2021\/02\/Basliksiz-1-6-300x150.jpg 300w, https:\/\/birkilsavunma.com\/wp-content\/uploads\/2021\/02\/Basliksiz-1-6-1024x512.jpg 1024w, https:\/\/birkilsavunma.com\/wp-content\/uploads\/2021\/02\/Basliksiz-1-6-768x384.jpg 768w, https:\/\/birkilsavunma.com\/wp-content\/uploads\/2021\/02\/Basliksiz-1-6-1536x768.jpg 1536w, https:\/\/birkilsavunma.com\/wp-content\/uploads\/2021\/02\/Basliksiz-1-6-600x300.jpg 600w\" sizes=\"(max-width: 1600px) 100vw, 1600px\" \/><\/a><\/div><\/div><div class=\"data\"><h4 class=\"title\"><a href=\"https:\/\/birkilsavunma.com\/tr\/portfolio\/lazer-ve-termal-optik-sistemleri\/\">Lazer ve Termal Optik Sistemleri<\/a><\/h4><div class=\"categories\"><span>Savunma<\/span><\/div><\/div><\/div><div class=\"rt-portfolio-box-item col-lg-4 col-md-4 col-sm-4 col-xs-12 savunma \"><div class=\"holder\"><div class=\"pic\"><a href=\"https:\/\/birkilsavunma.com\/tr\/portfolio\/balistik-koruma-sistemleri-ve-kalkanlar\/\"><img width=\"1600\" height=\"800\" src=\"https:\/\/birkilsavunma.com\/wp-content\/uploads\/2021\/02\/Basliksiz-1-7.jpg\" class=\"attachment-full size-full wp-post-image\" alt=\"\" decoding=\"async\" loading=\"lazy\" srcset=\"https:\/\/birkilsavunma.com\/wp-content\/uploads\/2021\/02\/Basliksiz-1-7.jpg 1600w, https:\/\/birkilsavunma.com\/wp-content\/uploads\/2021\/02\/Basliksiz-1-7-300x150.jpg 300w, https:\/\/birkilsavunma.com\/wp-content\/uploads\/2021\/02\/Basliksiz-1-7-1024x512.jpg 1024w, https:\/\/birkilsavunma.com\/wp-content\/uploads\/2021\/02\/Basliksiz-1-7-768x384.jpg 768w, https:\/\/birkilsavunma.com\/wp-content\/uploads\/2021\/02\/Basliksiz-1-7-1536x768.jpg 1536w, https:\/\/birkilsavunma.com\/wp-content\/uploads\/2021\/02\/Basliksiz-1-7-600x300.jpg 600w\" sizes=\"(max-width: 1600px) 100vw, 1600px\" \/><\/a><\/div><\/div><div class=\"data\"><h4 class=\"title\"><a href=\"https:\/\/birkilsavunma.com\/tr\/portfolio\/balistik-koruma-sistemleri-ve-kalkanlar\/\">Balistik Koruma Sistemleri ve Kalkanlar<\/a><\/h4><div class=\"categories\"><span>Savunma<\/span><\/div><\/div><\/div><div class=\"rt-portfolio-box-item col-lg-4 col-md-4 col-sm-4 col-xs-12 savunma \"><div class=\"holder\"><div class=\"pic\"><a href=\"https:\/\/birkilsavunma.com\/tr\/portfolio\/drone-antidrone-jammer-ve-radar\/\"><img width=\"1600\" height=\"800\" src=\"https:\/\/birkilsavunma.com\/wp-content\/uploads\/2021\/03\/4-1.jpg\" class=\"attachment-full size-full wp-post-image\" alt=\"\" decoding=\"async\" loading=\"lazy\" srcset=\"https:\/\/birkilsavunma.com\/wp-content\/uploads\/2021\/03\/4-1.jpg 1600w, https:\/\/birkilsavunma.com\/wp-content\/uploads\/2021\/03\/4-1-300x150.jpg 300w, https:\/\/birkilsavunma.com\/wp-content\/uploads\/2021\/03\/4-1-1024x512.jpg 1024w, https:\/\/birkilsavunma.com\/wp-content\/uploads\/2021\/03\/4-1-768x384.jpg 768w, https:\/\/birkilsavunma.com\/wp-content\/uploads\/2021\/03\/4-1-1536x768.jpg 1536w, https:\/\/birkilsavunma.com\/wp-content\/uploads\/2021\/03\/4-1-600x300.jpg 600w\" sizes=\"(max-width: 1600px) 100vw, 1600px\" \/><\/a><\/div><\/div><div class=\"data\"><h4 class=\"title\"><a href=\"https:\/\/birkilsavunma.com\/tr\/portfolio\/drone-antidrone-jammer-ve-radar\/\">Drone, Anti-Drone, Jammer ve Radar<\/a><\/h4><div class=\"categories\"><span>Savunma<\/span><\/div><\/div><\/div><div class=\"rt-portfolio-box-item col-lg-4 col-md-4 col-sm-4 col-xs-12 savunma \"><div class=\"holder\"><div class=\"pic\"><a href=\"https:\/\/birkilsavunma.com\/tr\/portfolio\/xray-arac-alti-ve-mayin-arama-sistemleri\/\"><img width=\"1600\" height=\"800\" src=\"https:\/\/birkilsavunma.com\/wp-content\/uploads\/2021\/03\/silah3-35-1.jpg\" class=\"attachment-full size-full wp-post-image\" alt=\"\" decoding=\"async\" loading=\"lazy\" srcset=\"https:\/\/birkilsavunma.com\/wp-content\/uploads\/2021\/03\/silah3-35-1.jpg 1600w, https:\/\/birkilsavunma.com\/wp-content\/uploads\/2021\/03\/silah3-35-1-300x150.jpg 300w, https:\/\/birkilsavunma.com\/wp-content\/uploads\/2021\/03\/silah3-35-1-1024x512.jpg 1024w, https:\/\/birkilsavunma.com\/wp-content\/uploads\/2021\/03\/silah3-35-1-768x384.jpg 768w, https:\/\/birkilsavunma.com\/wp-content\/uploads\/2021\/03\/silah3-35-1-1536x768.jpg 1536w, https:\/\/birkilsavunma.com\/wp-content\/uploads\/2021\/03\/silah3-35-1-600x300.jpg 600w\" sizes=\"(max-width: 1600px) 100vw, 1600px\" \/><\/a><\/div><\/div><div class=\"data\"><h4 class=\"title\"><a href=\"https:\/\/birkilsavunma.com\/tr\/portfolio\/xray-arac-alti-ve-mayin-arama-sistemleri\/\">X-Ray, Ara\u00e7 Alt\u0131 ve May\u0131n Arama Sistemleri<\/a><\/h4><div class=\"categories\"><span>Savunma<\/span><\/div><\/div><\/div><\/div>\t\t\t\t<\/div>\n\t\t\t\t<\/div>\n\t\t\t\t\t\t<\/div>\n\t\t\t\t\t<\/div>\n\t\t<\/div>\n\t\t\t\t\t\t\t\t<\/div>\n\t\t\t\t\t<\/div>\n\t\t<\/section>\n\t\t\t\t\t\t<\/div>\n\t\t\t\t\t\t<\/div>\n\t\t\t\t\t<\/div>\n\t\t","protected":false},"excerpt":{"rendered":"<p>M\u00fchimmat ve Silah Sistemleri Savunma \u00c7elik Yelekler ve Kasklar Savunma Lazer ve Termal Optik Sistemler Savunma Balistik Koruma Sistemleri ve Kalkanlar Savunma Drone, Anti-Drone, Jammer ve Radar Savunma X-Ray Tarama ve Ara\u00e7 Alt\u0131 G\u00f6r\u00fcnt\u00fcleme Savunma May\u0131n Arama ve Tespit Sistemleri Savunma<\/p>\n","protected":false},"author":1,"featured_media":0,"parent":0,"menu_order":0,"comment_status":"closed","ping_status":"closed","template":"elementor_header_footer","meta":[],"yoast_head":"<!-- This site is optimized with the Yoast SEO plugin v18.3 - https:\/\/yoast.com\/wordpress\/plugins\/seo\/ -->\n<title>Savunma Hizmetleri - Birkil Savunma<\/title>\n<meta name=\"robots\" content=\"index, follow, max-snippet:-1, max-image-preview:large, max-video-preview:-1\" \/>\n<link rel=\"canonical\" href=\"https:\/\/birkilsavunma.com\/tr\/savunma-hizmetleri\/\" \/>\n<meta property=\"og:locale\" content=\"tr_TR\" \/>\n<meta property=\"og:type\" content=\"article\" \/>\n<meta property=\"og:title\" content=\"Savunma Hizmetleri - Birkil Savunma\" \/>\n<meta property=\"og:description\" content=\"M\u00fchimmat ve Silah Sistemleri Savunma \u00c7elik Yelekler ve Kasklar Savunma Lazer ve Termal Optik Sistemler Savunma Balistik Koruma Sistemleri ve Kalkanlar Savunma Drone, Anti-Drone, Jammer ve Radar Savunma X-Ray Tarama ve Ara\u00e7 Alt\u0131 G\u00f6r\u00fcnt\u00fcleme Savunma May\u0131n Arama ve Tespit Sistemleri Savunma\" \/>\n<meta property=\"og:url\" content=\"https:\/\/birkilsavunma.com\/tr\/savunma-hizmetleri\/\" \/>\n<meta property=\"og:site_name\" content=\"Birkil Savunma\" \/>\n<meta property=\"article:modified_time\" content=\"2022-03-15T10:22:19+00:00\" \/>\n<meta property=\"og:image\" content=\"https:\/\/birkilsavunma.com\/wp-content\/uploads\/2021\/02\/silah3.jpg\" \/>\n<meta name=\"twitter:card\" content=\"summary_large_image\" \/>\n<meta name=\"twitter:label1\" content=\"Tahmini okuma s\u00fcresi\" \/>\n\t<meta name=\"twitter:data1\" content=\"2 dakika\" \/>\n<script type=\"application\/ld+json\" class=\"yoast-schema-graph\">{\"@context\":\"https:\/\/schema.org\",\"@graph\":[{\"@type\":\"WebSite\",\"@id\":\"https:\/\/birkilsavunma.com\/tr\/#website\",\"url\":\"https:\/\/birkilsavunma.com\/tr\/\",\"name\":\"Birkil Savunma\",\"description\":\"\u00dcst D\u00fczey Savunma Teknolojileri\",\"potentialAction\":[{\"@type\":\"SearchAction\",\"target\":{\"@type\":\"EntryPoint\",\"urlTemplate\":\"https:\/\/birkilsavunma.com\/tr\/?s={search_term_string}\"},\"query-input\":\"required name=search_term_string\"}],\"inLanguage\":\"tr\"},{\"@type\":\"ImageObject\",\"@id\":\"https:\/\/birkilsavunma.com\/tr\/savunma-hizmetleri\/#primaryimage\",\"inLanguage\":\"tr\",\"url\":\"https:\/\/birkilsavunma.com\/wp-content\/uploads\/2021\/02\/silah3.jpg\",\"contentUrl\":\"https:\/\/birkilsavunma.com\/wp-content\/uploads\/2021\/02\/silah3.jpg\",\"width\":1600,\"height\":800},{\"@type\":\"WebPage\",\"@id\":\"https:\/\/birkilsavunma.com\/tr\/savunma-hizmetleri\/#webpage\",\"url\":\"https:\/\/birkilsavunma.com\/tr\/savunma-hizmetleri\/\",\"name\":\"Savunma Hizmetleri - Birkil Savunma\",\"isPartOf\":{\"@id\":\"https:\/\/birkilsavunma.com\/tr\/#website\"},\"primaryImageOfPage\":{\"@id\":\"https:\/\/birkilsavunma.com\/tr\/savunma-hizmetleri\/#primaryimage\"},\"datePublished\":\"2021-02-20T16:06:11+00:00\",\"dateModified\":\"2022-03-15T10:22:19+00:00\",\"breadcrumb\":{\"@id\":\"https:\/\/birkilsavunma.com\/tr\/savunma-hizmetleri\/#breadcrumb\"},\"inLanguage\":\"tr\",\"potentialAction\":[{\"@type\":\"ReadAction\",\"target\":[\"https:\/\/birkilsavunma.com\/tr\/savunma-hizmetleri\/\"]}]},{\"@type\":\"BreadcrumbList\",\"@id\":\"https:\/\/birkilsavunma.com\/tr\/savunma-hizmetleri\/#breadcrumb\",\"itemListElement\":[{\"@type\":\"ListItem\",\"position\":1,\"name\":\"Anasayfa\",\"item\":\"https:\/\/birkilsavunma.com\/tr\/\"},{\"@type\":\"ListItem\",\"position\":2,\"name\":\"Savunma Hizmetleri\"}]}]}<\/script>\n<!-- \/ Yoast SEO plugin. -->","yoast_head_json":{"title":"Savunma Hizmetleri - Birkil Savunma","robots":{"index":"index","follow":"follow","max-snippet":"max-snippet:-1","max-image-preview":"max-image-preview:large","max-video-preview":"max-video-preview:-1"},"canonical":"https:\/\/birkilsavunma.com\/tr\/savunma-hizmetleri\/","og_locale":"tr_TR","og_type":"article","og_title":"Savunma Hizmetleri - Birkil Savunma","og_description":"M\u00fchimmat ve Silah Sistemleri Savunma \u00c7elik Yelekler ve Kasklar Savunma Lazer ve Termal Optik Sistemler Savunma Balistik Koruma Sistemleri ve Kalkanlar Savunma Drone, Anti-Drone, Jammer ve Radar Savunma X-Ray Tarama ve Ara\u00e7 Alt\u0131 G\u00f6r\u00fcnt\u00fcleme Savunma May\u0131n Arama ve Tespit Sistemleri Savunma","og_url":"https:\/\/birkilsavunma.com\/tr\/savunma-hizmetleri\/","og_site_name":"Birkil Savunma","article_modified_time":"2022-03-15T10:22:19+00:00","og_image":[{"url":"https:\/\/birkilsavunma.com\/wp-content\/uploads\/2021\/02\/silah3.jpg"}],"twitter_card":"summary_large_image","twitter_misc":{"Tahmini okuma s\u00fcresi":"2 dakika"},"schema":{"@context":"https:\/\/schema.org","@graph":[{"@type":"WebSite","@id":"https:\/\/birkilsavunma.com\/tr\/#website","url":"https:\/\/birkilsavunma.com\/tr\/","name":"Birkil Savunma","description":"\u00dcst D\u00fczey Savunma Teknolojileri","potentialAction":[{"@type":"SearchAction","target":{"@type":"EntryPoint","urlTemplate":"https:\/\/birkilsavunma.com\/tr\/?s={search_term_string}"},"query-input":"required name=search_term_string"}],"inLanguage":"tr"},{"@type":"ImageObject","@id":"https:\/\/birkilsavunma.com\/tr\/savunma-hizmetleri\/#primaryimage","inLanguage":"tr","url":"https:\/\/birkilsavunma.com\/wp-content\/uploads\/2021\/02\/silah3.jpg","contentUrl":"https:\/\/birkilsavunma.com\/wp-content\/uploads\/2021\/02\/silah3.jpg","width":1600,"height":800},{"@type":"WebPage","@id":"https:\/\/birkilsavunma.com\/tr\/savunma-hizmetleri\/#webpage","url":"https:\/\/birkilsavunma.com\/tr\/savunma-hizmetleri\/","name":"Savunma Hizmetleri - Birkil Savunma","isPartOf":{"@id":"https:\/\/birkilsavunma.com\/tr\/#website"},"primaryImageOfPage":{"@id":"https:\/\/birkilsavunma.com\/tr\/savunma-hizmetleri\/#primaryimage"},"datePublished":"2021-02-20T16:06:11+00:00","dateModified":"2022-03-15T10:22:19+00:00","breadcrumb":{"@id":"https:\/\/birkilsavunma.com\/tr\/savunma-hizmetleri\/#breadcrumb"},"inLanguage":"tr","potentialAction":[{"@type":"ReadAction","target":["https:\/\/birkilsavunma.com\/tr\/savunma-hizmetleri\/"]}]},{"@type":"BreadcrumbList","@id":"https:\/\/birkilsavunma.com\/tr\/savunma-hizmetleri\/#breadcrumb","itemListElement":[{"@type":"ListItem","position":1,"name":"Anasayfa","item":"https:\/\/birkilsavunma.com\/tr\/"},{"@type":"ListItem","position":2,"name":"Savunma Hizmetleri"}]}]}},"_links":{"self":[{"href":"https:\/\/birkilsavunma.com\/tr\/wp-json\/wp\/v2\/pages\/35923"}],"collection":[{"href":"https:\/\/birkilsavunma.com\/tr\/wp-json\/wp\/v2\/pages"}],"about":[{"href":"https:\/\/birkilsavunma.com\/tr\/wp-json\/wp\/v2\/types\/page"}],"author":[{"embeddable":true,"href":"https:\/\/birkilsavunma.com\/tr\/wp-json\/wp\/v2\/users\/1"}],"replies":[{"embeddable":true,"href":"https:\/\/birkilsavunma.com\/tr\/wp-json\/wp\/v2\/comments?post=35923"}],"version-history":[{"count":0,"href":"https:\/\/birkilsavunma.com\/tr\/wp-json\/wp\/v2\/pages\/35923\/revisions"}],"wp:attachment":[{"href":"https:\/\/birkilsavunma.com\/tr\/wp-json\/wp\/v2\/media?parent=35923"}],"curies":[{"name":"wp","href":"https:\/\/api.w.org\/{rel}","templated":true}]}}