{"id":37145,"date":"2022-03-20T12:34:44","date_gmt":"2022-03-20T12:34:44","guid":{"rendered":"https:\/\/birkilbilisim.com\/?page_id=37145"},"modified":"2022-03-20T12:34:44","modified_gmt":"2022-03-20T12:34:44","slug":"bcd","status":"publish","type":"page","link":"https:\/\/birkilsavunma.com\/tr\/bcd\/","title":{"rendered":"BCD"},"content":{"rendered":"\t\t<div data-elementor-type=\"wp-page\" data-elementor-id=\"37145\" class=\"elementor elementor-37145\" data-elementor-settings=\"[]\">\n\t\t\t\t\t\t<div class=\"elementor-inner\">\n\t\t\t\t\t\t\t<div class=\"elementor-section-wrap\">\n\t\t\t\t\t\t\t<section class=\"elementor-section elementor-top-section elementor-element elementor-element-14a6d1b elementor-section-stretched elementor-section-boxed elementor-section-height-default elementor-section-height-default\" data-id=\"14a6d1b\" data-element_type=\"section\" data-settings=\"{&quot;stretch_section&quot;:&quot;section-stretched&quot;,&quot;background_background&quot;:&quot;gradient&quot;}\">\n\t\t\t\t\t\t<div class=\"elementor-container elementor-column-gap-default\">\n\t\t\t\t\t\t\t<div class=\"elementor-row\">\n\t\t\t\t\t<div class=\"elementor-column elementor-col-100 elementor-top-column elementor-element elementor-element-4ef774d\" data-id=\"4ef774d\" data-element_type=\"column\">\n\t\t\t<div class=\"elementor-column-wrap elementor-element-populated\">\n\t\t\t\t\t\t\t<div class=\"elementor-widget-wrap\">\n\t\t\t\t\t\t<div class=\"elementor-element elementor-element-0d5499d elementor-invisible elementor-widget elementor-widget-heading\" data-id=\"0d5499d\" data-element_type=\"widget\" data-settings=\"{&quot;_animation&quot;:&quot;fadeInUp&quot;,&quot;_animation_delay&quot;:200}\" data-widget_type=\"heading.default\">\n\t\t\t\t<div class=\"elementor-widget-container\">\n\t\t\t<h1 class=\"elementor-heading-title elementor-size-default\">BCD \u00dcR\u00dcNLER\u0130<\/h1>\t\t<\/div>\n\t\t\t\t<\/div>\n\t\t\t\t\t\t<\/div>\n\t\t\t\t\t<\/div>\n\t\t<\/div>\n\t\t\t\t\t\t\t\t<\/div>\n\t\t\t\t\t<\/div>\n\t\t<\/section>\n\t\t\t\t<section class=\"elementor-section elementor-top-section elementor-element elementor-element-b30c6d6 elementor-section-boxed elementor-section-height-default elementor-section-height-default\" data-id=\"b30c6d6\" data-element_type=\"section\">\n\t\t\t\t\t\t<div class=\"elementor-container elementor-column-gap-default\">\n\t\t\t\t\t\t\t<div class=\"elementor-row\">\n\t\t\t\t\t<div class=\"elementor-column elementor-col-25 elementor-top-column elementor-element elementor-element-88cd50b\" data-id=\"88cd50b\" data-element_type=\"column\">\n\t\t\t<div class=\"elementor-column-wrap elementor-element-populated\">\n\t\t\t\t\t\t\t<div class=\"elementor-widget-wrap\">\n\t\t\t\t\t\t<div class=\"elementor-element elementor-element-a5c8c37 elementor-widget elementor-widget-radiant-fanc-text-box\" data-id=\"a5c8c37\" data-element_type=\"widget\" data-widget_type=\"radiant-fanc-text-box.default\">\n\t\t\t\t<div class=\"elementor-widget-container\">\n\t\t\t\r<!-- fancy-text-box -->\r<div class=\"rt-fancy-text-box element-three\"><div class=\"holder\"><div class=\"main-placeholder\"><div class=\"icon\"><img width=\"150\" height=\"150\" src=\"https:\/\/birkilsavunma.com\/wp-content\/uploads\/2022\/03\/1-150x150.jpg\" class=\"attachment-thumbnail size-thumbnail\" alt=\"\" decoding=\"async\" loading=\"lazy\" srcset=\"https:\/\/birkilsavunma.com\/wp-content\/uploads\/2022\/03\/1-150x150.jpg 150w, https:\/\/birkilsavunma.com\/wp-content\/uploads\/2022\/03\/1-300x300.jpg 300w, https:\/\/birkilsavunma.com\/wp-content\/uploads\/2022\/03\/1-12x12.jpg 12w, https:\/\/birkilsavunma.com\/wp-content\/uploads\/2022\/03\/1-600x600.jpg 600w, https:\/\/birkilsavunma.com\/wp-content\/uploads\/2022\/03\/1-100x100.jpg 100w, https:\/\/birkilsavunma.com\/wp-content\/uploads\/2022\/03\/1.jpg 650w\" sizes=\"(max-width: 150px) 100vw, 150px\" \/><\/div><div class=\"data\"><h4 class=\"title\">BCD<\/h4><p class=\"subtitle\">BCD208-PVS-210-24T-8<\/p><div class=\"content\"><p><p><strong>32,830 USD + KDV \/ ADET<br \/><\/strong><\/p><\/p><\/div><\/div><\/div><\/div><\/div>\r<!-- fancy-text-box -->\r\t\t<\/div>\n\t\t\t\t<\/div>\n\t\t\t\t\t\t<\/div>\n\t\t\t\t\t<\/div>\n\t\t<\/div>\n\t\t\t\t<div class=\"elementor-column elementor-col-25 elementor-top-column elementor-element elementor-element-51923e9\" data-id=\"51923e9\" data-element_type=\"column\">\n\t\t\t<div class=\"elementor-column-wrap elementor-element-populated\">\n\t\t\t\t\t\t\t<div class=\"elementor-widget-wrap\">\n\t\t\t\t\t\t<div class=\"elementor-element elementor-element-7f2903f elementor-widget elementor-widget-radiant-fanc-text-box\" data-id=\"7f2903f\" data-element_type=\"widget\" data-widget_type=\"radiant-fanc-text-box.default\">\n\t\t\t\t<div class=\"elementor-widget-container\">\n\t\t\t\r<!-- fancy-text-box -->\r<div class=\"rt-fancy-text-box element-three\"><div class=\"holder\"><div class=\"main-placeholder\"><div class=\"icon\"><img width=\"150\" height=\"150\" src=\"https:\/\/birkilsavunma.com\/wp-content\/uploads\/2022\/03\/2-150x150.jpg\" class=\"attachment-thumbnail size-thumbnail\" alt=\"\" decoding=\"async\" loading=\"lazy\" srcset=\"https:\/\/birkilsavunma.com\/wp-content\/uploads\/2022\/03\/2-150x150.jpg 150w, https:\/\/birkilsavunma.com\/wp-content\/uploads\/2022\/03\/2-300x300.jpg 300w, https:\/\/birkilsavunma.com\/wp-content\/uploads\/2022\/03\/2-12x12.jpg 12w, https:\/\/birkilsavunma.com\/wp-content\/uploads\/2022\/03\/2-600x600.jpg 600w, https:\/\/birkilsavunma.com\/wp-content\/uploads\/2022\/03\/2-100x100.jpg 100w, https:\/\/birkilsavunma.com\/wp-content\/uploads\/2022\/03\/2.jpg 650w\" sizes=\"(max-width: 150px) 100vw, 150px\" \/><\/div><div class=\"data\"><h4 class=\"title\">bcd<\/h4><p class=\"subtitle\">BCD208-PVS-210-48T-12<\/p><div class=\"content\"><p><p><strong>37,850 USD + KDV \/ ADET<br \/><\/strong><\/p><\/p><\/div><\/div><\/div><\/div><\/div>\r<!-- fancy-text-box -->\r\t\t<\/div>\n\t\t\t\t<\/div>\n\t\t\t\t\t\t<\/div>\n\t\t\t\t\t<\/div>\n\t\t<\/div>\n\t\t\t\t<div class=\"elementor-column elementor-col-25 elementor-top-column elementor-element elementor-element-ebb8250\" data-id=\"ebb8250\" data-element_type=\"column\">\n\t\t\t<div class=\"elementor-column-wrap elementor-element-populated\">\n\t\t\t\t\t\t\t<div class=\"elementor-widget-wrap\">\n\t\t\t\t\t\t<div class=\"elementor-element elementor-element-0134c74 elementor-widget elementor-widget-radiant-fanc-text-box\" data-id=\"0134c74\" data-element_type=\"widget\" data-widget_type=\"radiant-fanc-text-box.default\">\n\t\t\t\t<div class=\"elementor-widget-container\">\n\t\t\t\r<!-- fancy-text-box -->\r<div class=\"rt-fancy-text-box element-three\"><div class=\"holder\"><div class=\"main-placeholder\"><div class=\"icon\"><img width=\"150\" height=\"150\" src=\"https:\/\/birkilsavunma.com\/wp-content\/uploads\/2022\/03\/3-150x150.jpg\" class=\"attachment-thumbnail size-thumbnail\" alt=\"\" decoding=\"async\" loading=\"lazy\" srcset=\"https:\/\/birkilsavunma.com\/wp-content\/uploads\/2022\/03\/3-150x150.jpg 150w, https:\/\/birkilsavunma.com\/wp-content\/uploads\/2022\/03\/3-300x300.jpg 300w, https:\/\/birkilsavunma.com\/wp-content\/uploads\/2022\/03\/3-12x12.jpg 12w, https:\/\/birkilsavunma.com\/wp-content\/uploads\/2022\/03\/3-600x600.jpg 600w, https:\/\/birkilsavunma.com\/wp-content\/uploads\/2022\/03\/3-100x100.jpg 100w, https:\/\/birkilsavunma.com\/wp-content\/uploads\/2022\/03\/3.jpg 650w\" sizes=\"(max-width: 150px) 100vw, 150px\" \/><\/div><div class=\"data\"><h4 class=\"title\">bcd<\/h4><p class=\"subtitle\">BCD208-PVS-210-60T-12<\/p><div class=\"content\"><p><p><strong>41.340 USD + KDV \/ ADET<br \/><\/strong><\/p><\/p><\/div><\/div><\/div><\/div><\/div>\r<!-- fancy-text-box -->\r\t\t<\/div>\n\t\t\t\t<\/div>\n\t\t\t\t\t\t<\/div>\n\t\t\t\t\t<\/div>\n\t\t<\/div>\n\t\t\t\t<div class=\"elementor-column elementor-col-25 elementor-top-column elementor-element elementor-element-85ed1de\" data-id=\"85ed1de\" data-element_type=\"column\">\n\t\t\t<div class=\"elementor-column-wrap elementor-element-populated\">\n\t\t\t\t\t\t\t<div class=\"elementor-widget-wrap\">\n\t\t\t\t\t\t<div class=\"elementor-element elementor-element-b85b522 elementor-widget elementor-widget-radiant-fanc-text-box\" data-id=\"b85b522\" data-element_type=\"widget\" data-widget_type=\"radiant-fanc-text-box.default\">\n\t\t\t\t<div class=\"elementor-widget-container\">\n\t\t\t\r<!-- fancy-text-box -->\r<div class=\"rt-fancy-text-box element-three\"><div class=\"holder\"><div class=\"main-placeholder\"><div class=\"icon\"><img width=\"150\" height=\"150\" src=\"https:\/\/birkilsavunma.com\/wp-content\/uploads\/2022\/03\/4-150x150.jpg\" class=\"attachment-thumbnail size-thumbnail\" alt=\"\" decoding=\"async\" loading=\"lazy\" srcset=\"https:\/\/birkilsavunma.com\/wp-content\/uploads\/2022\/03\/4-150x150.jpg 150w, https:\/\/birkilsavunma.com\/wp-content\/uploads\/2022\/03\/4-300x300.jpg 300w, https:\/\/birkilsavunma.com\/wp-content\/uploads\/2022\/03\/4-12x12.jpg 12w, https:\/\/birkilsavunma.com\/wp-content\/uploads\/2022\/03\/4-600x600.jpg 600w, https:\/\/birkilsavunma.com\/wp-content\/uploads\/2022\/03\/4-100x100.jpg 100w, https:\/\/birkilsavunma.com\/wp-content\/uploads\/2022\/03\/4.jpg 650w\" sizes=\"(max-width: 150px) 100vw, 150px\" \/><\/div><div class=\"data\"><h4 class=\"title\">bcd<\/h4><p class=\"subtitle\">BCD208-PVS-210-84T-12<\/p><div class=\"content\"><p><p><strong>46.660 USD + KDV \/ ADET<br \/><\/strong><\/p><\/p><\/div><\/div><\/div><\/div><\/div>\r<!-- fancy-text-box -->\r\t\t<\/div>\n\t\t\t\t<\/div>\n\t\t\t\t\t\t<\/div>\n\t\t\t\t\t<\/div>\n\t\t<\/div>\n\t\t\t\t\t\t\t\t<\/div>\n\t\t\t\t\t<\/div>\n\t\t<\/section>\n\t\t\t\t<section class=\"elementor-section elementor-top-section elementor-element elementor-element-57918fe elementor-section-boxed elementor-section-height-default elementor-section-height-default\" data-id=\"57918fe\" data-element_type=\"section\">\n\t\t\t\t\t\t<div class=\"elementor-container elementor-column-gap-default\">\n\t\t\t\t\t\t\t<div class=\"elementor-row\">\n\t\t\t\t\t<div class=\"elementor-column elementor-col-25 elementor-top-column elementor-element elementor-element-4a0aa88\" data-id=\"4a0aa88\" data-element_type=\"column\">\n\t\t\t<div class=\"elementor-column-wrap elementor-element-populated\">\n\t\t\t\t\t\t\t<div class=\"elementor-widget-wrap\">\n\t\t\t\t\t\t<div class=\"elementor-element elementor-element-fff3f06 elementor-widget elementor-widget-radiant-fanc-text-box\" data-id=\"fff3f06\" data-element_type=\"widget\" data-widget_type=\"radiant-fanc-text-box.default\">\n\t\t\t\t<div class=\"elementor-widget-container\">\n\t\t\t\r<!-- fancy-text-box -->\r<div class=\"rt-fancy-text-box element-three\"><div class=\"holder\"><div class=\"main-placeholder\"><div class=\"icon\"><img width=\"150\" height=\"150\" src=\"https:\/\/birkilsavunma.com\/wp-content\/uploads\/2022\/03\/5-150x150.jpg\" class=\"attachment-thumbnail size-thumbnail\" alt=\"\" decoding=\"async\" loading=\"lazy\" srcset=\"https:\/\/birkilsavunma.com\/wp-content\/uploads\/2022\/03\/5-150x150.jpg 150w, https:\/\/birkilsavunma.com\/wp-content\/uploads\/2022\/03\/5-300x300.jpg 300w, https:\/\/birkilsavunma.com\/wp-content\/uploads\/2022\/03\/5-12x12.jpg 12w, https:\/\/birkilsavunma.com\/wp-content\/uploads\/2022\/03\/5-600x600.jpg 600w, https:\/\/birkilsavunma.com\/wp-content\/uploads\/2022\/03\/5-100x100.jpg 100w, https:\/\/birkilsavunma.com\/wp-content\/uploads\/2022\/03\/5.jpg 650w\" sizes=\"(max-width: 150px) 100vw, 150px\" \/><\/div><div class=\"data\"><h4 class=\"title\">bcd<\/h4><p class=\"subtitle\">BCD214-PVS-210-112T-16<\/p><div class=\"content\"><p><p><strong>55.980 USD + KDV \/ ADET<br \/><\/strong><\/p><\/p><\/div><\/div><\/div><\/div><\/div>\r<!-- fancy-text-box -->\r\t\t<\/div>\n\t\t\t\t<\/div>\n\t\t\t\t\t\t<\/div>\n\t\t\t\t\t<\/div>\n\t\t<\/div>\n\t\t\t\t<div class=\"elementor-column elementor-col-25 elementor-top-column elementor-element elementor-element-6d3eaf7\" data-id=\"6d3eaf7\" data-element_type=\"column\">\n\t\t\t<div class=\"elementor-column-wrap elementor-element-populated\">\n\t\t\t\t\t\t\t<div class=\"elementor-widget-wrap\">\n\t\t\t\t\t\t<div class=\"elementor-element elementor-element-3b5aa24 elementor-widget elementor-widget-radiant-fanc-text-box\" data-id=\"3b5aa24\" data-element_type=\"widget\" data-widget_type=\"radiant-fanc-text-box.default\">\n\t\t\t\t<div class=\"elementor-widget-container\">\n\t\t\t\r<!-- fancy-text-box -->\r<div class=\"rt-fancy-text-box element-three\"><div class=\"holder\"><div class=\"main-placeholder\"><div class=\"icon\"><img width=\"150\" height=\"150\" src=\"https:\/\/birkilsavunma.com\/wp-content\/uploads\/2022\/03\/6-150x150.jpg\" class=\"attachment-thumbnail size-thumbnail\" alt=\"\" decoding=\"async\" loading=\"lazy\" srcset=\"https:\/\/birkilsavunma.com\/wp-content\/uploads\/2022\/03\/6-150x150.jpg 150w, https:\/\/birkilsavunma.com\/wp-content\/uploads\/2022\/03\/6-300x300.jpg 300w, https:\/\/birkilsavunma.com\/wp-content\/uploads\/2022\/03\/6-12x12.jpg 12w, https:\/\/birkilsavunma.com\/wp-content\/uploads\/2022\/03\/6-600x600.jpg 600w, https:\/\/birkilsavunma.com\/wp-content\/uploads\/2022\/03\/6-100x100.jpg 100w, https:\/\/birkilsavunma.com\/wp-content\/uploads\/2022\/03\/6.jpg 650w\" sizes=\"(max-width: 150px) 100vw, 150px\" \/><\/div><div class=\"data\"><h4 class=\"title\">bcd<\/h4><p class=\"subtitle\">BCD214-PVS-210-144T-12<\/p><div class=\"content\"><p><p><strong>64.000 USD + KDV \/ ADET<br \/><\/strong><\/p><\/p><\/div><\/div><\/div><\/div><\/div>\r<!-- fancy-text-box -->\r\t\t<\/div>\n\t\t\t\t<\/div>\n\t\t\t\t\t\t<\/div>\n\t\t\t\t\t<\/div>\n\t\t<\/div>\n\t\t\t\t<div class=\"elementor-column elementor-col-25 elementor-top-column elementor-element elementor-element-479d311\" data-id=\"479d311\" data-element_type=\"column\">\n\t\t\t<div class=\"elementor-column-wrap elementor-element-populated\">\n\t\t\t\t\t\t\t<div class=\"elementor-widget-wrap\">\n\t\t\t\t\t\t<div class=\"elementor-element elementor-element-e9bd836 elementor-widget elementor-widget-radiant-fanc-text-box\" data-id=\"e9bd836\" data-element_type=\"widget\" data-widget_type=\"radiant-fanc-text-box.default\">\n\t\t\t\t<div class=\"elementor-widget-container\">\n\t\t\t\r<!-- fancy-text-box -->\r<div class=\"rt-fancy-text-box element-three\"><div class=\"holder\"><div class=\"main-placeholder\"><div class=\"icon\"><img width=\"150\" height=\"150\" src=\"https:\/\/birkilsavunma.com\/wp-content\/uploads\/2022\/03\/7-150x150.jpg\" class=\"attachment-thumbnail size-thumbnail\" alt=\"\" decoding=\"async\" loading=\"lazy\" srcset=\"https:\/\/birkilsavunma.com\/wp-content\/uploads\/2022\/03\/7-150x150.jpg 150w, https:\/\/birkilsavunma.com\/wp-content\/uploads\/2022\/03\/7-300x300.jpg 300w, https:\/\/birkilsavunma.com\/wp-content\/uploads\/2022\/03\/7-12x12.jpg 12w, https:\/\/birkilsavunma.com\/wp-content\/uploads\/2022\/03\/7-600x600.jpg 600w, https:\/\/birkilsavunma.com\/wp-content\/uploads\/2022\/03\/7-100x100.jpg 100w, https:\/\/birkilsavunma.com\/wp-content\/uploads\/2022\/03\/7.jpg 650w\" sizes=\"(max-width: 150px) 100vw, 150px\" \/><\/div><div class=\"data\"><h4 class=\"title\">BCD<\/h4><p class=\"subtitle\">BCDSF01-ELWS-I5-QP6<\/p><div class=\"content\"><p><p><strong>8.230 USD + KDV \/ ADET<br \/><\/strong><\/p><\/p><\/div><\/div><\/div><\/div><\/div>\r<!-- fancy-text-box -->\r\t\t<\/div>\n\t\t\t\t<\/div>\n\t\t\t\t\t\t<\/div>\n\t\t\t\t\t<\/div>\n\t\t<\/div>\n\t\t\t\t<div class=\"elementor-column elementor-col-25 elementor-top-column elementor-element elementor-element-84de413\" data-id=\"84de413\" data-element_type=\"column\">\n\t\t\t<div class=\"elementor-column-wrap elementor-element-populated\">\n\t\t\t\t\t\t\t<div class=\"elementor-widget-wrap\">\n\t\t\t\t\t\t<div class=\"elementor-element elementor-element-26770f8 elementor-widget elementor-widget-radiant-fanc-text-box\" data-id=\"26770f8\" data-element_type=\"widget\" data-widget_type=\"radiant-fanc-text-box.default\">\n\t\t\t\t<div class=\"elementor-widget-container\">\n\t\t\t\r<!-- fancy-text-box -->\r<div class=\"rt-fancy-text-box element-three\"><div class=\"holder\"><div class=\"main-placeholder\"><div class=\"icon\"><img width=\"150\" height=\"150\" src=\"https:\/\/birkilsavunma.com\/wp-content\/uploads\/2022\/03\/8-150x150.jpg\" class=\"attachment-thumbnail size-thumbnail\" alt=\"\" decoding=\"async\" loading=\"lazy\" srcset=\"https:\/\/birkilsavunma.com\/wp-content\/uploads\/2022\/03\/8-150x150.jpg 150w, https:\/\/birkilsavunma.com\/wp-content\/uploads\/2022\/03\/8-300x300.jpg 300w, https:\/\/birkilsavunma.com\/wp-content\/uploads\/2022\/03\/8-12x12.jpg 12w, https:\/\/birkilsavunma.com\/wp-content\/uploads\/2022\/03\/8-600x600.jpg 600w, https:\/\/birkilsavunma.com\/wp-content\/uploads\/2022\/03\/8-100x100.jpg 100w, https:\/\/birkilsavunma.com\/wp-content\/uploads\/2022\/03\/8.jpg 650w\" sizes=\"(max-width: 150px) 100vw, 150px\" \/><\/div><div class=\"data\"><h4 class=\"title\">bcd<\/h4><p class=\"subtitle\">BCDT03-PWS-I7-QP6<\/p><div class=\"content\"><p><p><strong>11.999 USD + KDV \/ ADET<br \/><\/strong><\/p><\/p><\/div><\/div><\/div><\/div><\/div>\r<!-- fancy-text-box -->\r\t\t<\/div>\n\t\t\t\t<\/div>\n\t\t\t\t\t\t<\/div>\n\t\t\t\t\t<\/div>\n\t\t<\/div>\n\t\t\t\t\t\t\t\t<\/div>\n\t\t\t\t\t<\/div>\n\t\t<\/section>\n\t\t\t\t\t\t<\/div>\n\t\t\t\t\t\t<\/div>\n\t\t\t\t\t<\/div>\n\t\t","protected":false},"excerpt":{"rendered":"<p>BCD \u00dcR\u00dcNLER\u0130 BCD BCD208-PVS-210-24T-8 32,830 USD + KDV \/ ADET bcd BCD208-PVS-210-48T-12 37,850 USD + KDV \/ ADET bcd BCD208-PVS-210-60T-12 41.340 USD + KDV \/ ADET bcd BCD208-PVS-210-84T-12 46.660 USD + KDV \/ ADET bcd BCD214-PVS-210-112T-16 55.980 USD + KDV \/ ADET bcd BCD214-PVS-210-144T-12 64.000 USD + KDV \/ ADET BCD BCDSF01-ELWS-I5-QP6 8.230 USD + [&hellip;]<\/p>\n","protected":false},"author":1,"featured_media":36874,"parent":0,"menu_order":0,"comment_status":"closed","ping_status":"closed","template":"","meta":[],"yoast_head":"<!-- This site is optimized with the Yoast SEO plugin v18.3 - https:\/\/yoast.com\/wordpress\/plugins\/seo\/ -->\n<title>BCD - Birkil Savunma<\/title>\n<meta name=\"description\" content=\"Birkil firmas\u0131 olarak BCD \u00fcr\u00fcnlerinin tedari\u011fini sizler i\u00e7in sa\u011flayabiliriz. Sitemizdeki BCD \u00fcr\u00fcnlerini inceleyin.\" \/>\n<meta name=\"robots\" content=\"index, follow, max-snippet:-1, max-image-preview:large, max-video-preview:-1\" \/>\n<link rel=\"canonical\" href=\"https:\/\/birkilsavunma.com\/tr\/bcd\/\" \/>\n<meta property=\"og:locale\" content=\"tr_TR\" \/>\n<meta property=\"og:type\" content=\"article\" \/>\n<meta property=\"og:title\" content=\"BCD - Birkil Savunma\" \/>\n<meta property=\"og:description\" content=\"Birkil firmas\u0131 olarak BCD \u00fcr\u00fcnlerinin tedari\u011fini sizler i\u00e7in sa\u011flayabiliriz. Sitemizdeki BCD \u00fcr\u00fcnlerini inceleyin.\" \/>\n<meta property=\"og:url\" content=\"https:\/\/birkilsavunma.com\/tr\/bcd\/\" \/>\n<meta property=\"og:site_name\" content=\"Birkil Savunma\" \/>\n<meta property=\"og:image\" content=\"https:\/\/birkilsavunma.com\/wp-content\/uploads\/2021\/03\/silah3-29-1-1.jpg\" \/>\n\t<meta property=\"og:image:width\" content=\"1600\" \/>\n\t<meta property=\"og:image:height\" content=\"800\" \/>\n\t<meta property=\"og:image:type\" content=\"image\/jpeg\" \/>\n<meta name=\"twitter:card\" content=\"summary_large_image\" \/>\n<meta name=\"twitter:label1\" content=\"Tahmini okuma s\u00fcresi\" \/>\n\t<meta name=\"twitter:data1\" content=\"2 dakika\" \/>\n<script type=\"application\/ld+json\" class=\"yoast-schema-graph\">{\"@context\":\"https:\/\/schema.org\",\"@graph\":[{\"@type\":\"WebSite\",\"@id\":\"https:\/\/birkilsavunma.com\/tr\/#website\",\"url\":\"https:\/\/birkilsavunma.com\/tr\/\",\"name\":\"Birkil Savunma\",\"description\":\"\u00dcst D\u00fczey Savunma Teknolojileri\",\"potentialAction\":[{\"@type\":\"SearchAction\",\"target\":{\"@type\":\"EntryPoint\",\"urlTemplate\":\"https:\/\/birkilsavunma.com\/tr\/?s={search_term_string}\"},\"query-input\":\"required name=search_term_string\"}],\"inLanguage\":\"tr\"},{\"@type\":\"ImageObject\",\"@id\":\"https:\/\/birkilsavunma.com\/bcd\/#primaryimage\",\"inLanguage\":\"tr\",\"url\":\"https:\/\/birkilsavunma.com\/wp-content\/uploads\/2021\/03\/silah3-29-1-1.jpg\",\"contentUrl\":\"https:\/\/birkilsavunma.com\/wp-content\/uploads\/2021\/03\/silah3-29-1-1.jpg\",\"width\":1600,\"height\":800},{\"@type\":\"WebPage\",\"@id\":\"https:\/\/birkilsavunma.com\/bcd\/#webpage\",\"url\":\"https:\/\/birkilsavunma.com\/bcd\/\",\"name\":\"BCD - Birkil Savunma\",\"isPartOf\":{\"@id\":\"https:\/\/birkilsavunma.com\/tr\/#website\"},\"primaryImageOfPage\":{\"@id\":\"https:\/\/birkilsavunma.com\/bcd\/#primaryimage\"},\"datePublished\":\"2022-03-20T12:34:44+00:00\",\"dateModified\":\"2022-03-20T12:34:44+00:00\",\"description\":\"Birkil firmas\u0131 olarak BCD \u00fcr\u00fcnlerinin tedari\u011fini sizler i\u00e7in sa\u011flayabiliriz. Sitemizdeki BCD \u00fcr\u00fcnlerini inceleyin.\",\"breadcrumb\":{\"@id\":\"https:\/\/birkilsavunma.com\/bcd\/#breadcrumb\"},\"inLanguage\":\"tr\",\"potentialAction\":[{\"@type\":\"ReadAction\",\"target\":[\"https:\/\/birkilsavunma.com\/bcd\/\"]}]},{\"@type\":\"BreadcrumbList\",\"@id\":\"https:\/\/birkilsavunma.com\/bcd\/#breadcrumb\",\"itemListElement\":[{\"@type\":\"ListItem\",\"position\":1,\"name\":\"Anasayfa\",\"item\":\"https:\/\/birkilsavunma.com\/tr\/\"},{\"@type\":\"ListItem\",\"position\":2,\"name\":\"BCD\"}]}]}<\/script>\n<!-- \/ Yoast SEO plugin. -->","yoast_head_json":{"title":"BCD - Birkil Savunma","description":"Birkil firmas\u0131 olarak BCD \u00fcr\u00fcnlerinin tedari\u011fini sizler i\u00e7in sa\u011flayabiliriz. Sitemizdeki BCD \u00fcr\u00fcnlerini inceleyin.","robots":{"index":"index","follow":"follow","max-snippet":"max-snippet:-1","max-image-preview":"max-image-preview:large","max-video-preview":"max-video-preview:-1"},"canonical":"https:\/\/birkilsavunma.com\/tr\/bcd\/","og_locale":"tr_TR","og_type":"article","og_title":"BCD - Birkil Savunma","og_description":"Birkil firmas\u0131 olarak BCD \u00fcr\u00fcnlerinin tedari\u011fini sizler i\u00e7in sa\u011flayabiliriz. Sitemizdeki BCD \u00fcr\u00fcnlerini inceleyin.","og_url":"https:\/\/birkilsavunma.com\/tr\/bcd\/","og_site_name":"Birkil Savunma","og_image":[{"width":1600,"height":800,"url":"https:\/\/birkilsavunma.com\/wp-content\/uploads\/2021\/03\/silah3-29-1-1.jpg","type":"image\/jpeg"}],"twitter_card":"summary_large_image","twitter_misc":{"Tahmini okuma s\u00fcresi":"2 dakika"},"schema":{"@context":"https:\/\/schema.org","@graph":[{"@type":"WebSite","@id":"https:\/\/birkilsavunma.com\/tr\/#website","url":"https:\/\/birkilsavunma.com\/tr\/","name":"Birkil Savunma","description":"\u00dcst D\u00fczey Savunma Teknolojileri","potentialAction":[{"@type":"SearchAction","target":{"@type":"EntryPoint","urlTemplate":"https:\/\/birkilsavunma.com\/tr\/?s={search_term_string}"},"query-input":"required name=search_term_string"}],"inLanguage":"tr"},{"@type":"ImageObject","@id":"https:\/\/birkilsavunma.com\/bcd\/#primaryimage","inLanguage":"tr","url":"https:\/\/birkilsavunma.com\/wp-content\/uploads\/2021\/03\/silah3-29-1-1.jpg","contentUrl":"https:\/\/birkilsavunma.com\/wp-content\/uploads\/2021\/03\/silah3-29-1-1.jpg","width":1600,"height":800},{"@type":"WebPage","@id":"https:\/\/birkilsavunma.com\/bcd\/#webpage","url":"https:\/\/birkilsavunma.com\/bcd\/","name":"BCD - Birkil Savunma","isPartOf":{"@id":"https:\/\/birkilsavunma.com\/tr\/#website"},"primaryImageOfPage":{"@id":"https:\/\/birkilsavunma.com\/bcd\/#primaryimage"},"datePublished":"2022-03-20T12:34:44+00:00","dateModified":"2022-03-20T12:34:44+00:00","description":"Birkil firmas\u0131 olarak BCD \u00fcr\u00fcnlerinin tedari\u011fini sizler i\u00e7in sa\u011flayabiliriz. Sitemizdeki BCD \u00fcr\u00fcnlerini inceleyin.","breadcrumb":{"@id":"https:\/\/birkilsavunma.com\/bcd\/#breadcrumb"},"inLanguage":"tr","potentialAction":[{"@type":"ReadAction","target":["https:\/\/birkilsavunma.com\/bcd\/"]}]},{"@type":"BreadcrumbList","@id":"https:\/\/birkilsavunma.com\/bcd\/#breadcrumb","itemListElement":[{"@type":"ListItem","position":1,"name":"Anasayfa","item":"https:\/\/birkilsavunma.com\/tr\/"},{"@type":"ListItem","position":2,"name":"BCD"}]}]}},"_links":{"self":[{"href":"https:\/\/birkilsavunma.com\/tr\/wp-json\/wp\/v2\/pages\/37145"}],"collection":[{"href":"https:\/\/birkilsavunma.com\/tr\/wp-json\/wp\/v2\/pages"}],"about":[{"href":"https:\/\/birkilsavunma.com\/tr\/wp-json\/wp\/v2\/types\/page"}],"author":[{"embeddable":true,"href":"https:\/\/birkilsavunma.com\/tr\/wp-json\/wp\/v2\/users\/1"}],"replies":[{"embeddable":true,"href":"https:\/\/birkilsavunma.com\/tr\/wp-json\/wp\/v2\/comments?post=37145"}],"version-history":[{"count":0,"href":"https:\/\/birkilsavunma.com\/tr\/wp-json\/wp\/v2\/pages\/37145\/revisions"}],"wp:featuredmedia":[{"embeddable":true,"href":"https:\/\/birkilsavunma.com\/tr\/wp-json\/wp\/v2\/media\/36874"}],"wp:attachment":[{"href":"https:\/\/birkilsavunma.com\/tr\/wp-json\/wp\/v2\/media?parent=37145"}],"curies":[{"name":"wp","href":"https:\/\/api.w.org\/{rel}","templated":true}]}}